{"id":65,"date":"2014-06-12T17:56:23","date_gmt":"2014-06-12T17:56:23","guid":{"rendered":"http:\/\/www.clubbelair.com\/es\/?page_id=65"},"modified":"2025-09-03T07:57:41","modified_gmt":"2025-09-03T07:57:41","slug":"contacto","status":"publish","type":"page","link":"https:\/\/www.clubbelair.com\/es\/contacto\/","title":{"rendered":"CONTACTO"},"content":{"rendered":"<p>[et_pb_section fb_built=\u00bb1&#8243; admin_label=\u00bbsection\u00bb _builder_version=\u00bb4.16&#8243; custom_padding=\u00bb||72px|||\u00bb global_colors_info=\u00bb{}\u00bb][et_pb_row admin_label=\u00bbrow\u00bb _builder_version=\u00bb4.16&#8243; background_size=\u00bbinitial\u00bb background_position=\u00bbtop_left\u00bb background_repeat=\u00bbrepeat\u00bb global_colors_info=\u00bb{}\u00bb][et_pb_column type=\u00bb4_4&#8243; _builder_version=\u00bb4.16&#8243; custom_padding=\u00bb|||\u00bb global_colors_info=\u00bb{}\u00bb custom_padding__hover=\u00bb|||\u00bb][et_pb_text admin_label=\u00bbTexto\u00bb _builder_version=\u00bb4.16&#8243; background_size=\u00bbinitial\u00bb background_position=\u00bbtop_left\u00bb background_repeat=\u00bbrepeat\u00bb custom_padding=\u00bb||44px|||\u00bb use_border_color=\u00bboff\u00bb border_color=\u00bb#ffffff\u00bb border_style=\u00bbsolid\u00bb global_colors_info=\u00bb{}\u00bb] [\/et_pb_text][et_pb_text admin_label=\u00bbText\u00bb _builder_version=\u00bb4.27.0&#8243; text_font=\u00bbLato||||\u00bb background_size=\u00bbinitial\u00bb background_position=\u00bbtop_left\u00bb background_repeat=\u00bbrepeat\u00bb hover_enabled=\u00bb0&#8243; use_border_color=\u00bboff\u00bb border_color=\u00bb#ffffff\u00bb border_style=\u00bbsolid\u00bb global_colors_info=\u00bb{}\u00bb sticky_enabled=\u00bb0&#8243;]<\/p>\n<h4 style=\"text-align: center;\">Mas Informaci\u00f3n<\/h4>\n<h4 style=\"text-align: center;\">Estamos ubicado muy cerca de PUERTO BANUS, entre MARBELLA y ESTEPONA<\/h4>\n<h4 style=\"text-align: center;\">Direcci\u00f3n: Urb. Bel-Air, Km. 166,5 (Marbella-Estepona)<\/h4>\n<h4 style=\"text-align: center;\">M\u00f3vil: 622 92 75 64<\/h4>\n<h4 style=\"text-align: center;\"><strong>Horario: Abierto desde las 18:00 h<\/strong><\/h4>\n<h4><\/h4>\n<p>[\/et_pb_text][\/et_pb_column][\/et_pb_row][\/et_pb_section][et_pb_section fb_built=\u00bb1&#8243; admin_label=\u00bbsection\u00bb _builder_version=\u00bb4.16&#8243; background_color=\u00bb#ffffff\u00bb background_image=\u00bbhttps:\/\/www.clubbelair.com\/es\/wp-content\/uploads\/2014\/06\/rebel.png\u00bb global_colors_info=\u00bb{}\u00bb][et_pb_row admin_label=\u00bbrow\u00bb _builder_version=\u00bb4.16&#8243; background_size=\u00bbinitial\u00bb background_position=\u00bbtop_left\u00bb background_repeat=\u00bbrepeat\u00bb global_colors_info=\u00bb{}\u00bb][et_pb_column type=\u00bb4_4&#8243; _builder_version=\u00bb4.16&#8243; custom_padding=\u00bb|||\u00bb global_colors_info=\u00bb{}\u00bb custom_padding__hover=\u00bb|||\u00bb][et_pb_text admin_label=\u00bbText\u00bb _builder_version=\u00bb4.16&#8243; background_size=\u00bbinitial\u00bb background_position=\u00bbtop_left\u00bb background_repeat=\u00bbrepeat\u00bb global_colors_info=\u00bb{}\u00bb]<iframe loading=\"lazy\" src=\"https:\/\/maps.google.es\/maps\/ms?msa=0&amp;msid=201132520077082169497.0004c4f46020a4f83f25f&amp;hl=es&amp;ie=UTF8&amp;t=m&amp;source=embed&amp;ll=36.46429,-5.042177&amp;spn=0.00302,0.012875&amp;z=17&amp;iwloc=0004c4f4a23261ab621aa&amp;output=embed\" width=\"1200\" height=\"350\" frameborder=\"0\" marginwidth=\"0\" marginheight=\"0\" scrolling=\"no\"><\/iframe> <small>Ver <a style=\"color: #0000ff; text-align: left;\" href=\"https:\/\/maps.google.es\/maps\/ms?msa=0&amp;msid=201132520077082169497.0004c4f46020a4f83f25f&amp;hl=es&amp;ie=UTF8&amp;t=m&amp;source=embed&amp;ll=36.46429,-5.042177&amp;spn=0.00302,0.012875&amp;z=17&amp;iwloc=0004c4f4a23261ab621aa\">CLUB BEL AIR<\/a> en un mapa m\u00e1s grande<\/small><br \/>\n[\/et_pb_text][\/et_pb_column][\/et_pb_row][\/et_pb_section]<\/p>\n","protected":false},"excerpt":{"rendered":"<p>Mas Informaci\u00f3n Estamos ubicado muy cerca de PUERTO BANUS, entre MARBELLA y ESTEPONA Direcci\u00f3n: Urb. Bel-Air, Km. 166,5 (Marbella-Estepona) M\u00f3vil: 622 92 75 64 Horario: Abierto desde las 18:00 h Ver CLUB BEL AIR en un mapa m\u00e1s grande<\/p>\n","protected":false},"author":1,"featured_media":0,"parent":0,"menu_order":0,"comment_status":"open","ping_status":"open","template":"","meta":{"_et_pb_use_builder":"on","_et_pb_old_content":"","_et_gb_content_width":"","_joinchat":[],"footnotes":""},"class_list":["post-65","page","type-page","status-publish","hentry"],"yoast_head":"<!-- This site is optimized with the Yoast SEO plugin v25.4 - https:\/\/yoast.com\/wordpress\/plugins\/seo\/ -->\n<title>CONTACTO - CLUB BEL AIR<\/title>\n<meta name=\"robots\" content=\"index, follow, max-snippet:-1, max-image-preview:large, max-video-preview:-1\" \/>\n<link rel=\"canonical\" href=\"https:\/\/www.clubbelair.com\/es\/contacto\/\" \/>\n<meta property=\"og:locale\" content=\"es_ES\" \/>\n<meta property=\"og:type\" content=\"article\" \/>\n<meta property=\"og:title\" content=\"CONTACTO - CLUB BEL AIR\" \/>\n<meta property=\"og:description\" content=\"Mas Informaci\u00f3n Estamos ubicado muy cerca de PUERTO BANUS, entre MARBELLA y ESTEPONA Direcci\u00f3n: Urb. Bel-Air, Km. 166,5 (Marbella-Estepona) M\u00f3vil: 622 92 75 64 Horario: Abierto desde las 18:00 h Ver CLUB BEL AIR en un mapa m\u00e1s grande\" \/>\n<meta property=\"og:url\" content=\"https:\/\/www.clubbelair.com\/es\/contacto\/\" \/>\n<meta property=\"og:site_name\" content=\"CLUB BEL AIR\" \/>\n<meta property=\"article:modified_time\" content=\"2025-09-03T07:57:41+00:00\" \/>\n<meta name=\"twitter:card\" content=\"summary_large_image\" \/>\n<meta name=\"twitter:label1\" content=\"Tiempo de lectura\" \/>\n\t<meta name=\"twitter:data1\" content=\"1 minuto\" \/>\n<script type=\"application\/ld+json\" class=\"yoast-schema-graph\">{\"@context\":\"https:\/\/schema.org\",\"@graph\":[{\"@type\":\"WebPage\",\"@id\":\"https:\/\/www.clubbelair.com\/es\/contacto\/\",\"url\":\"https:\/\/www.clubbelair.com\/es\/contacto\/\",\"name\":\"CONTACTO - CLUB BEL AIR\",\"isPartOf\":{\"@id\":\"https:\/\/www.clubbelair.com\/es\/#website\"},\"datePublished\":\"2014-06-12T17:56:23+00:00\",\"dateModified\":\"2025-09-03T07:57:41+00:00\",\"breadcrumb\":{\"@id\":\"https:\/\/www.clubbelair.com\/es\/contacto\/#breadcrumb\"},\"inLanguage\":\"es\",\"potentialAction\":[{\"@type\":\"ReadAction\",\"target\":[\"https:\/\/www.clubbelair.com\/es\/contacto\/\"]}]},{\"@type\":\"BreadcrumbList\",\"@id\":\"https:\/\/www.clubbelair.com\/es\/contacto\/#breadcrumb\",\"itemListElement\":[{\"@type\":\"ListItem\",\"position\":1,\"name\":\"Portada\",\"item\":\"https:\/\/www.clubbelair.com\/es\/\"},{\"@type\":\"ListItem\",\"position\":2,\"name\":\"CONTACTO\"}]},{\"@type\":\"WebSite\",\"@id\":\"https:\/\/www.clubbelair.com\/es\/#website\",\"url\":\"https:\/\/www.clubbelair.com\/es\/\",\"name\":\"CLUB BEL AIR\",\"description\":\"Night Club en Marbella, San Pedro de Alcantara y Estepona\",\"potentialAction\":[{\"@type\":\"SearchAction\",\"target\":{\"@type\":\"EntryPoint\",\"urlTemplate\":\"https:\/\/www.clubbelair.com\/es\/?s={search_term_string}\"},\"query-input\":{\"@type\":\"PropertyValueSpecification\",\"valueRequired\":true,\"valueName\":\"search_term_string\"}}],\"inLanguage\":\"es\"}]}<\/script>\n<!-- \/ Yoast SEO plugin. -->","yoast_head_json":{"title":"CONTACTO - CLUB BEL AIR","robots":{"index":"index","follow":"follow","max-snippet":"max-snippet:-1","max-image-preview":"max-image-preview:large","max-video-preview":"max-video-preview:-1"},"canonical":"https:\/\/www.clubbelair.com\/es\/contacto\/","og_locale":"es_ES","og_type":"article","og_title":"CONTACTO - CLUB BEL AIR","og_description":"Mas Informaci\u00f3n Estamos ubicado muy cerca de PUERTO BANUS, entre MARBELLA y ESTEPONA Direcci\u00f3n: Urb. Bel-Air, Km. 166,5 (Marbella-Estepona) M\u00f3vil: 622 92 75 64 Horario: Abierto desde las 18:00 h Ver CLUB BEL AIR en un mapa m\u00e1s grande","og_url":"https:\/\/www.clubbelair.com\/es\/contacto\/","og_site_name":"CLUB BEL AIR","article_modified_time":"2025-09-03T07:57:41+00:00","twitter_card":"summary_large_image","twitter_misc":{"Tiempo de lectura":"1 minuto"},"schema":{"@context":"https:\/\/schema.org","@graph":[{"@type":"WebPage","@id":"https:\/\/www.clubbelair.com\/es\/contacto\/","url":"https:\/\/www.clubbelair.com\/es\/contacto\/","name":"CONTACTO - CLUB BEL AIR","isPartOf":{"@id":"https:\/\/www.clubbelair.com\/es\/#website"},"datePublished":"2014-06-12T17:56:23+00:00","dateModified":"2025-09-03T07:57:41+00:00","breadcrumb":{"@id":"https:\/\/www.clubbelair.com\/es\/contacto\/#breadcrumb"},"inLanguage":"es","potentialAction":[{"@type":"ReadAction","target":["https:\/\/www.clubbelair.com\/es\/contacto\/"]}]},{"@type":"BreadcrumbList","@id":"https:\/\/www.clubbelair.com\/es\/contacto\/#breadcrumb","itemListElement":[{"@type":"ListItem","position":1,"name":"Portada","item":"https:\/\/www.clubbelair.com\/es\/"},{"@type":"ListItem","position":2,"name":"CONTACTO"}]},{"@type":"WebSite","@id":"https:\/\/www.clubbelair.com\/es\/#website","url":"https:\/\/www.clubbelair.com\/es\/","name":"CLUB BEL AIR","description":"Night Club en Marbella, San Pedro de Alcantara y Estepona","potentialAction":[{"@type":"SearchAction","target":{"@type":"EntryPoint","urlTemplate":"https:\/\/www.clubbelair.com\/es\/?s={search_term_string}"},"query-input":{"@type":"PropertyValueSpecification","valueRequired":true,"valueName":"search_term_string"}}],"inLanguage":"es"}]}},"_links":{"self":[{"href":"https:\/\/www.clubbelair.com\/es\/wp-json\/wp\/v2\/pages\/65","targetHints":{"allow":["GET"]}}],"collection":[{"href":"https:\/\/www.clubbelair.com\/es\/wp-json\/wp\/v2\/pages"}],"about":[{"href":"https:\/\/www.clubbelair.com\/es\/wp-json\/wp\/v2\/types\/page"}],"author":[{"embeddable":true,"href":"https:\/\/www.clubbelair.com\/es\/wp-json\/wp\/v2\/users\/1"}],"replies":[{"embeddable":true,"href":"https:\/\/www.clubbelair.com\/es\/wp-json\/wp\/v2\/comments?post=65"}],"version-history":[{"count":51,"href":"https:\/\/www.clubbelair.com\/es\/wp-json\/wp\/v2\/pages\/65\/revisions"}],"predecessor-version":[{"id":657,"href":"https:\/\/www.clubbelair.com\/es\/wp-json\/wp\/v2\/pages\/65\/revisions\/657"}],"wp:attachment":[{"href":"https:\/\/www.clubbelair.com\/es\/wp-json\/wp\/v2\/media?parent=65"}],"curies":[{"name":"wp","href":"https:\/\/api.w.org\/{rel}","templated":true}]}}