{"id":57,"date":"2014-06-12T17:43:43","date_gmt":"2014-06-12T17:43:43","guid":{"rendered":"http:\/\/www.clubbelair.com\/es\/?page_id=57"},"modified":"2014-06-15T09:59:58","modified_gmt":"2014-06-15T09:59:58","slug":"terraza","status":"publish","type":"page","link":"https:\/\/www.clubbelair.com\/es\/terraza\/","title":{"rendered":"TERRAZA"},"content":{"rendered":"<p>[et_pb_section fullwidth=\u00bboff\u00bb specialty=\u00bboff\u00bb inner_shadow=\u00bboff\u00bb parallax=\u00bboff\u00bb parallax_method=\u00bbcss\u00bb background_image=\u00bbhttp:\/\/www.clubbelair.com\/es\/wp-content\/uploads\/2014\/06\/textura-de-negro-8501.jpg\u00bb background_color=\u00bb#ffffff\u00bb][et_pb_row][et_pb_column type=\u00bb4_4&#8243;][et_pb_slider admin_label=\u00bbSlider\u00bb show_arrows=\u00bbon\u00bb show_pagination=\u00bbon\u00bb auto=\u00bbon\u00bb parallax=\u00bboff\u00bb auto_speed=\u00bb2000&#8243;][et_pb_slide background_image=\u00bbhttp:\/\/www.clubbelair.com\/es\/wp-content\/uploads\/2014\/06\/terrazauno-e1402822298779.jpg\u00bb background_color=\u00bb#ffffff\u00bb alignment=\u00bbcenter\u00bb background_layout=\u00bbdark\u00bb]<\/p>\n<h2 style=\"text-align: center;\">DISPONEMOS DE ZONA V.I.P<\/h2>\n<h2 style=\"text-align: center;\">con Terraza Privada<\/h2>\n<p>[\/et_pb_slide][et_pb_slide background_image=\u00bbhttp:\/\/www.clubbelair.com\/es\/wp-content\/uploads\/2014\/06\/IMG_4822-e1402825080528.jpg\u00bb background_color=\u00bb#ffffff\u00bb alignment=\u00bbcenter\u00bb background_layout=\u00bbdark\u00bb \/][et_pb_slide background_image=\u00bbhttp:\/\/www.clubbelair.com\/es\/wp-content\/uploads\/2014\/06\/IMG_4837-e1402825207723.jpg\u00bb background_color=\u00bb#ffffff\u00bb alignment=\u00bbcenter\u00bb background_layout=\u00bbdark\u00bb \/][et_pb_slide background_image=\u00bbhttp:\/\/www.clubbelair.com\/es\/wp-content\/uploads\/2014\/06\/IMG_4826-e1402825882919.jpg\u00bb background_color=\u00bb#ffffff\u00bb alignment=\u00bbcenter\u00bb background_layout=\u00bbdark\u00bb \/][\/et_pb_slider][\/et_pb_column][\/et_pb_row][\/et_pb_section][et_pb_section fullwidth=\u00bbon\u00bb specialty=\u00bboff\u00bb background_color=\u00bb#f7f7f7&#8243; inner_shadow=\u00bbon\u00bb parallax=\u00bboff\u00bb][et_pb_fullwidth_header admin_label=\u00bbFullwidth Header\u00bb title=\u00bbDisponemos de zona V.I.P. con Terraza Privada\u00bb background_layout=\u00bblight\u00bb text_orientation=\u00bbcenter\u00bb \/][\/et_pb_section][et_pb_section fullwidth=\u00bboff\u00bb specialty=\u00bboff\u00bb background_color=\u00bb#ffffff\u00bb inner_shadow=\u00bboff\u00bb parallax=\u00bboff\u00bb background_image=\u00bbhttp:\/\/www.clubbelair.com\/es\/wp-content\/uploads\/2014\/06\/textura-de-negro-8501.jpg\u00bb parallax_method=\u00bbcss\u00bb][et_pb_row][et_pb_column type=\u00bb1_3&#8243;][et_pb_image admin_label=\u00bbImage\u00bb src=\u00bbhttp:\/\/www.clubbelair.com\/es\/wp-content\/uploads\/2014\/06\/IMG_4825-e1402826092590.jpg\u00bb show_in_lightbox=\u00bboff\u00bb url_new_window=\u00bboff\u00bb animation=\u00bbleft\u00bb \/][\/et_pb_column][et_pb_column type=\u00bb1_3&#8243;][et_pb_text admin_label=\u00bbText\u00bb background_layout=\u00bbdark\u00bb text_orientation=\u00bbleft\u00bb]<\/p>\n<h3 style=\"text-align: center;\">Tel\u00e9fonos<\/h3>\n<p>&nbsp;<\/p>\n<h4 style=\"text-align: center;\">603 371 141 -952 88 86 58<\/h4>\n<p>&nbsp;<\/p>\n<h4 style=\"text-align: center;\">Urb. Bel-Air, Km. 166,5 (Marbella-Estepona)<\/h4>\n<p>&nbsp;<\/p>\n<h4 style=\"text-align: center;\">reservas@clubbelair.com<\/h4>\n<p>[\/et_pb_text][et_pb_image admin_label=\u00bbImage\u00bb src=\u00bbhttp:\/\/www.clubbelair.com\/es\/wp-content\/uploads\/2014\/06\/mujer.png\u00bb show_in_lightbox=\u00bboff\u00bb url_new_window=\u00bboff\u00bb animation=\u00bbleft\u00bb \/][\/et_pb_column][et_pb_column type=\u00bb1_3&#8243;][et_pb_image admin_label=\u00bbImage\u00bb src=\u00bbhttp:\/\/www.clubbelair.com\/es\/wp-content\/uploads\/2014\/06\/IMG_4835-e1402826355856.jpg\u00bb show_in_lightbox=\u00bboff\u00bb url_new_window=\u00bboff\u00bb animation=\u00bbleft\u00bb \/][\/et_pb_column][\/et_pb_row][\/et_pb_section][et_pb_section fullwidth=\u00bboff\u00bb specialty=\u00bboff\u00bb background_color=\u00bb#050505&#8243; inner_shadow=\u00bboff\u00bb parallax=\u00bboff\u00bb parallax_method=\u00bbcss\u00bb][et_pb_row][et_pb_column type=\u00bb4_4&#8243;][et_pb_text admin_label=\u00bbText\u00bb background_layout=\u00bbdark\u00bb text_orientation=\u00bbleft\u00bb]<\/p>\n<p>&nbsp;<\/p>\n<p style=\"font-family: Gotham, 'Helvetica Neue', Helvetica, Arial, sans-serif; font-size: 10px; text-align: center;\">NIGHT CLUB MARBELLA &#8211; MASAJES ESTEPONA &#8211; CLUB DE ALTERNE EN ESTEPONA &#8211; JACUZZI ESTEPONA &#8211; CHICAS SEXYS EN MARBELLA &#8211; RELAX MARBELLA &#8211; ESTEPONA RELAX &#8211; CLUB ESTEPONA &#8211; STRIPTEES MARBELLA &#8211; COPAS MARBELLA &#8211; CLUB PUERTO BANUS &#8211; NIGHT CLUB SAN PEDRO DE ALCANTARA &#8211; CLUB EN BENAHAVIS &#8211; SE\u00d1ORITAS COMPA\u00d1IA &#8211; SE\u00d1ORITAS ELEGANTES &#8211; PRIVACIDAD ESTEPONA- CLUB BELAIR &#8211; CLUB BEL AIR &#8211; CLUB BEL-AIR &#8211; CLUB DE CHICAS EN LA COSTA DEL SOL CLUB DE CHICAS MARBELLA &#8211; PUERTO BANUS CLUB<\/p>\n<p>[\/et_pb_text][\/et_pb_column][\/et_pb_row][\/et_pb_section]<\/p>\n","protected":false},"excerpt":{"rendered":"<p><div class=\"et_pb_row et_pb_row_0 et_pb_row_empty\">\n\t\t\t\t\n\t\t\t\t\n\t\t\t\t\n\t\t\t\t\n\t\t\t\t\n\t\t\t<\/div> DISPONEMOS DE ZONA V.I.P con Terraza Privada <div class=\"et_pb_row et_pb_row_1 et_pb_row_empty\">\n\t\t\t\t\n\t\t\t\t\n\t\t\t\t\n\t\t\t\t\n\t\t\t\t\n\t\t\t<\/div> Tel\u00e9fonos &nbsp; 603 371 141 -952 88 86 58 &nbsp; Urb. Bel-Air, Km. 166,5 (Marbella-Estepona) &nbsp; reservas@clubbelair.com <div class=\"et_pb_row et_pb_row_2 et_pb_row_empty\">\n\t\t\t\t\n\t\t\t\t\n\t\t\t\t\n\t\t\t\t\n\t\t\t\t\n\t\t\t<\/div> &nbsp; NIGHT CLUB MARBELLA &#8211; MASAJES ESTEPONA &#8211; CLUB DE ALTERNE EN ESTEPONA &#8211; JACUZZI ESTEPONA &#8211; CHICAS SEXYS EN MARBELLA &#8211; RELAX MARBELLA &#8211; ESTEPONA RELAX &#8211; [&hellip;]<\/p>\n","protected":false},"author":1,"featured_media":0,"parent":0,"menu_order":0,"comment_status":"open","ping_status":"open","template":"","meta":{"_et_pb_use_builder":"on","_et_pb_old_content":"","_et_gb_content_width":"","_joinchat":[],"footnotes":""},"class_list":["post-57","page","type-page","status-publish","hentry"],"yoast_head":"<!-- This site is optimized with the Yoast SEO plugin v25.4 - https:\/\/yoast.com\/wordpress\/plugins\/seo\/ -->\n<title>TERRAZA - CLUB BEL AIR<\/title>\n<meta name=\"robots\" content=\"index, follow, max-snippet:-1, max-image-preview:large, max-video-preview:-1\" \/>\n<link rel=\"canonical\" href=\"https:\/\/www.clubbelair.com\/es\/terraza\/\" \/>\n<meta property=\"og:locale\" content=\"es_ES\" \/>\n<meta property=\"og:type\" content=\"article\" \/>\n<meta property=\"og:title\" content=\"TERRAZA - CLUB BEL AIR\" \/>\n<meta property=\"og:description\" content=\"DISPONEMOS DE ZONA V.I.P con Terraza Privada Tel\u00e9fonos &nbsp; 603 371 141 -952 88 86 58 &nbsp; Urb. Bel-Air, Km. 166,5 (Marbella-Estepona) &nbsp; reservas@clubbelair.com &nbsp; NIGHT CLUB MARBELLA - MASAJES ESTEPONA - CLUB DE ALTERNE EN ESTEPONA - JACUZZI ESTEPONA - CHICAS SEXYS EN MARBELLA - RELAX MARBELLA - ESTEPONA RELAX - [&hellip;]\" \/>\n<meta property=\"og:url\" content=\"https:\/\/www.clubbelair.com\/es\/terraza\/\" \/>\n<meta property=\"og:site_name\" content=\"CLUB BEL AIR\" \/>\n<meta property=\"article:modified_time\" content=\"2014-06-15T09:59:58+00:00\" \/>\n<meta name=\"twitter:card\" content=\"summary_large_image\" \/>\n<meta name=\"twitter:label1\" content=\"Tiempo de lectura\" \/>\n\t<meta name=\"twitter:data1\" content=\"3 minutos\" \/>\n<script type=\"application\/ld+json\" class=\"yoast-schema-graph\">{\"@context\":\"https:\/\/schema.org\",\"@graph\":[{\"@type\":\"WebPage\",\"@id\":\"https:\/\/www.clubbelair.com\/es\/terraza\/\",\"url\":\"https:\/\/www.clubbelair.com\/es\/terraza\/\",\"name\":\"TERRAZA - CLUB BEL AIR\",\"isPartOf\":{\"@id\":\"https:\/\/www.clubbelair.com\/es\/#website\"},\"datePublished\":\"2014-06-12T17:43:43+00:00\",\"dateModified\":\"2014-06-15T09:59:58+00:00\",\"breadcrumb\":{\"@id\":\"https:\/\/www.clubbelair.com\/es\/terraza\/#breadcrumb\"},\"inLanguage\":\"es\",\"potentialAction\":[{\"@type\":\"ReadAction\",\"target\":[\"https:\/\/www.clubbelair.com\/es\/terraza\/\"]}]},{\"@type\":\"BreadcrumbList\",\"@id\":\"https:\/\/www.clubbelair.com\/es\/terraza\/#breadcrumb\",\"itemListElement\":[{\"@type\":\"ListItem\",\"position\":1,\"name\":\"Portada\",\"item\":\"https:\/\/www.clubbelair.com\/es\/\"},{\"@type\":\"ListItem\",\"position\":2,\"name\":\"TERRAZA\"}]},{\"@type\":\"WebSite\",\"@id\":\"https:\/\/www.clubbelair.com\/es\/#website\",\"url\":\"https:\/\/www.clubbelair.com\/es\/\",\"name\":\"CLUB BEL AIR\",\"description\":\"Night Club en Marbella, San Pedro de Alcantara y Estepona\",\"potentialAction\":[{\"@type\":\"SearchAction\",\"target\":{\"@type\":\"EntryPoint\",\"urlTemplate\":\"https:\/\/www.clubbelair.com\/es\/?s={search_term_string}\"},\"query-input\":{\"@type\":\"PropertyValueSpecification\",\"valueRequired\":true,\"valueName\":\"search_term_string\"}}],\"inLanguage\":\"es\"}]}<\/script>\n<!-- \/ Yoast SEO plugin. -->","yoast_head_json":{"title":"TERRAZA - CLUB BEL AIR","robots":{"index":"index","follow":"follow","max-snippet":"max-snippet:-1","max-image-preview":"max-image-preview:large","max-video-preview":"max-video-preview:-1"},"canonical":"https:\/\/www.clubbelair.com\/es\/terraza\/","og_locale":"es_ES","og_type":"article","og_title":"TERRAZA - CLUB BEL AIR","og_description":"DISPONEMOS DE ZONA V.I.P con Terraza Privada Tel\u00e9fonos &nbsp; 603 371 141 -952 88 86 58 &nbsp; Urb. Bel-Air, Km. 166,5 (Marbella-Estepona) &nbsp; reservas@clubbelair.com &nbsp; NIGHT CLUB MARBELLA - MASAJES ESTEPONA - CLUB DE ALTERNE EN ESTEPONA - JACUZZI ESTEPONA - CHICAS SEXYS EN MARBELLA - RELAX MARBELLA - ESTEPONA RELAX - [&hellip;]","og_url":"https:\/\/www.clubbelair.com\/es\/terraza\/","og_site_name":"CLUB BEL AIR","article_modified_time":"2014-06-15T09:59:58+00:00","twitter_card":"summary_large_image","twitter_misc":{"Tiempo de lectura":"3 minutos"},"schema":{"@context":"https:\/\/schema.org","@graph":[{"@type":"WebPage","@id":"https:\/\/www.clubbelair.com\/es\/terraza\/","url":"https:\/\/www.clubbelair.com\/es\/terraza\/","name":"TERRAZA - CLUB BEL AIR","isPartOf":{"@id":"https:\/\/www.clubbelair.com\/es\/#website"},"datePublished":"2014-06-12T17:43:43+00:00","dateModified":"2014-06-15T09:59:58+00:00","breadcrumb":{"@id":"https:\/\/www.clubbelair.com\/es\/terraza\/#breadcrumb"},"inLanguage":"es","potentialAction":[{"@type":"ReadAction","target":["https:\/\/www.clubbelair.com\/es\/terraza\/"]}]},{"@type":"BreadcrumbList","@id":"https:\/\/www.clubbelair.com\/es\/terraza\/#breadcrumb","itemListElement":[{"@type":"ListItem","position":1,"name":"Portada","item":"https:\/\/www.clubbelair.com\/es\/"},{"@type":"ListItem","position":2,"name":"TERRAZA"}]},{"@type":"WebSite","@id":"https:\/\/www.clubbelair.com\/es\/#website","url":"https:\/\/www.clubbelair.com\/es\/","name":"CLUB BEL AIR","description":"Night Club en Marbella, San Pedro de Alcantara y Estepona","potentialAction":[{"@type":"SearchAction","target":{"@type":"EntryPoint","urlTemplate":"https:\/\/www.clubbelair.com\/es\/?s={search_term_string}"},"query-input":{"@type":"PropertyValueSpecification","valueRequired":true,"valueName":"search_term_string"}}],"inLanguage":"es"}]}},"_links":{"self":[{"href":"https:\/\/www.clubbelair.com\/es\/wp-json\/wp\/v2\/pages\/57","targetHints":{"allow":["GET"]}}],"collection":[{"href":"https:\/\/www.clubbelair.com\/es\/wp-json\/wp\/v2\/pages"}],"about":[{"href":"https:\/\/www.clubbelair.com\/es\/wp-json\/wp\/v2\/types\/page"}],"author":[{"embeddable":true,"href":"https:\/\/www.clubbelair.com\/es\/wp-json\/wp\/v2\/users\/1"}],"replies":[{"embeddable":true,"href":"https:\/\/www.clubbelair.com\/es\/wp-json\/wp\/v2\/comments?post=57"}],"version-history":[{"count":8,"href":"https:\/\/www.clubbelair.com\/es\/wp-json\/wp\/v2\/pages\/57\/revisions"}],"predecessor-version":[{"id":167,"href":"https:\/\/www.clubbelair.com\/es\/wp-json\/wp\/v2\/pages\/57\/revisions\/167"}],"wp:attachment":[{"href":"https:\/\/www.clubbelair.com\/es\/wp-json\/wp\/v2\/media?parent=57"}],"curies":[{"name":"wp","href":"https:\/\/api.w.org\/{rel}","templated":true}]}}