{"id":532,"date":"2022-08-29T17:05:48","date_gmt":"2022-08-29T17:05:48","guid":{"rendered":"https:\/\/www.clubbelair.com\/es\/?page_id=532"},"modified":"2022-08-29T17:05:51","modified_gmt":"2022-08-29T17:05:51","slug":"politica-privacidad","status":"publish","type":"page","link":"https:\/\/www.clubbelair.com\/es\/politica-privacidad\/","title":{"rendered":"POLITICA PRIVACIDAD"},"content":{"rendered":"<p>[et_pb_section fb_built=\u00bb1&#8243; theme_builder_area=\u00bbpost_content\u00bb _builder_version=\u00bb4.18.0&#8243; _module_preset=\u00bbdefault\u00bb][et_pb_row _builder_version=\u00bb4.18.0&#8243; _module_preset=\u00bbdefault\u00bb theme_builder_area=\u00bbpost_content\u00bb][et_pb_column _builder_version=\u00bb4.18.0&#8243; _module_preset=\u00bbdefault\u00bb type=\u00bb4_4&#8243; theme_builder_area=\u00bbpost_content\u00bb][et_pb_text _builder_version=\u00bb4.18.0&#8243; _module_preset=\u00bbdefault\u00bb theme_builder_area=\u00bbpost_content\u00bb hover_enabled=\u00bb0&#8243; sticky_enabled=\u00bb0&#8243;]<\/p>\n<h1>POL\u00cdTICA DE PRIVACIDAD<\/h1>\n<p>La finalidad de la recogida y tratamiento de los datos personales, a trav\u00e9s del correo electr\u00f3nico propiedad de Azul Estepona S.L. puesto a disposici\u00f3n de los Usuarios, responde, seg\u00fan el caso concreto, para gestionar y atender a solicitudes de informaci\u00f3n, dudas o sugerencias, o bien a las publicaciones o a cualesquiera servicios o actividades, actos o eventos prestados, ofertados, patrocinados y\/o esponsorizados por CLUB BELAIR<\/p>\n<p>En cuanto al plazo de conservaci\u00f3n, los datos personales proporcionados se conservar\u00e1n durante el plazo correspondiente para cumplir con las obligaciones legales, o se solicite su supresi\u00f3n por el interesado y este est\u00e9 legitimado para ello.<\/p>\n<p>Azul Estepona S.L. est\u00e1 legitimado al tratamiento de datos personales, en base al consentimiento otorgado por el interesado para uno o varios fines espec\u00edficos, tal y como recoge el art\u00edculo 6.1. a) del Reglamento General de Protecci\u00f3n de datos personales.<\/p>\n<p>Por otro lado, con el fin de que los datos obrantes en nuestros ficheros, inform\u00e1ticos y\/o en papel, siempre correspondan a la realidad, se tratar\u00e1 de mantener actualizados. De manera que, a estos efectos, el Usuario deber\u00e1 realizar los cambios, directamente, cuando as\u00ed est\u00e9 habilitado o comunic\u00e1ndose, por medio fehaciente, al \u00e1rea o departamento correspondiente a Azul Estepona S.L.<\/p>\n<p>Los datos personales recabados a trav\u00e9s del correo electr\u00f3nico propiedad del responsable del tratamiento, no ser\u00e1n cedidos o comunicados a terceros, salvo en los supuestos necesarios para el desarrollo, control y cumplimiento de las finalidad\/es expresada\/s, en los supuestos previstos seg\u00fan Ley, as\u00ed como en los casos espec\u00edficos, de los que se informe expresamente al Usuario.<\/p>\n<p>No obstante, el interesado de los datos personales en todo caso podr\u00e1 ejercitar los derechos que le asisten, de acuerdo con el RGPD, y que son:<\/p>\n<ul>\n<li>Derecho a solicitar el acceso a los datos personales relativos al interesado,<\/li>\n<li>Derecho a solicitar su rectificaci\u00f3n o supresi\u00f3n,<\/li>\n<li>Derecho a solicitar la limitaci\u00f3n de su tratamiento,<\/li>\n<li>Derecho a oponerse al tratamiento,<\/li>\n<li>Derecho a la portabilidad de los datos<\/li>\n<\/ul>\n<p>El interesado podr\u00e1 ejercitar tales derechos mediante solicitud acompa\u00f1ada de una fotocopia de su D.N.I, y en la que especificar\u00e1 cu\u00e1l de \u00e9stos solicita sea satisfecho, remitida al email: reservas@clubbelair.com<\/p>\n<p>Finalmente se informa que CLUB BELAIR adoptar\u00e1 en su sistema de informaci\u00f3n las medidas t\u00e9cnicas y organizativas legalmente requeridas, a fin de garantizar la seguridad y confidencialidad de los datos almacenados, evitando as\u00ed, su alteraci\u00f3n, p\u00e9rdida, tratamiento o acceso no autorizado; teniendo en cuenta el estado de la t\u00e9cnica, los costes de aplicaci\u00f3n, y la naturaleza, el alcance, el contexto y los fines del tratamiento, as\u00ed como riesgos de probabilidad y gravedad variables asociadas a cada uno de los tratamientos.<\/p>\n<p>Si tiene alguna pregunta sobre esta Pol\u00edtica de Privacidad, rogamos que se ponga en contacto con nosotros enviando un email a reservas@clubbelair.com<\/p>\n<h1>COOKIES<\/h1>\n<p>CLUB BELAIR podr\u00e1 utilizar cookies durante el acceso a esta p\u00e1gina web. Las cookies son procedimientos autom\u00e1ticos de recogida de informaci\u00f3n relativa a las preferencias determinadas por un usuario durante su visita a una determinada p\u00e1gina web. Esta informaci\u00f3n se registra en peque\u00f1os archivos que son guardados en los equipos inform\u00e1ticos del usuario correspondiente de forma imperceptible. Cada vez que el usuario vuelva a acceder a la p\u00e1gina web en cuesti\u00f3n estos archivos se activan autom\u00e1ticamente de manera que se configura la p\u00e1gina con las preferencias se\u00f1aladas en anteriores visitas. En definitiva, las cookies son ficheros f\u00edsicos de informaci\u00f3n personal alojados en el propio terminal del usuario y asociados inequ\u00edvocamente a este terminal. Las cookies no pueden leer los archivos cookie creados por otros sitios web.<\/p>\n<p>El usuario tiene la posibilidad de configurar su programa navegador de manera que se impida la creaci\u00f3n de archivos cookie o se advierta del momento en que esto ocurre. La p\u00e1gina web es accesible sin necesidad de que est\u00e9n activadas las opciones referentes a los archivos cookie, si bien puede impedir el correcto funcionamiento de mecanismos de seguridad para servicios exclusivos o determinados servicios que requieren de una mayor seguridad. Por norma general, la finalidad de los archivos cookie de la p\u00e1gina web es la de facilitar la navegaci\u00f3n del usuario.<\/p>\n<h1>HIPERENLACES<\/h1>\n<p>El usuario que quiera introducir enlaces desde sus propias p\u00e1ginas web a la de CLUB BELAIR, deber\u00e1 cumplir con las condiciones que se detallan a continuaci\u00f3n sin que el desconocimiento de las mismas evite las responsabilidades derivadas de la Ley:<\/p>\n<p>1) El enlace \u00fanicamente vincular\u00e1 con la home page o p\u00e1gina principal pero no podr\u00e1 reproducirla de ninguna forma (in-line links, copia de los textos, gr\u00e1ficos, etc.).<\/p>\n<p>2) Quedar\u00e1 en todo caso prohibido, de acuerdo con la legislaci\u00f3n aplicable y vigente en cada momento, establecer frames o marcos de cualquier tipo que envuelvan a esta p\u00e1gina o permitan la visualizaci\u00f3n de los contenidos a trav\u00e9s de direcciones de Internet distintas a las de la misma y, en cualquier caso, cuando se visualicen conjuntamente con contenidos ajenos a ella de forma que: (I) produzca, o pueda producir, error, confusi\u00f3n o enga\u00f1o en los usuarios sobre la verdadera procedencia del servicio o contenidos; (II) suponga un acto de comparaci\u00f3n o imitaci\u00f3n desleal; (III) sirva para aprovechar la reputaci\u00f3n de la marca y prestigio de CLUB BELAIR o (IV) de cualquier otra forma resulte prohibido por la legislaci\u00f3n vigente.<\/p>\n<p>3) No se realizar\u00e1n desde la p\u00e1gina que introduce el enlace ning\u00fan tipo de manifestaci\u00f3n falsa, inexacta o incorrecta sobre BOMB\u00d3N, sus empleados o sobre las actividades que desarrolla.<\/p>\n<p>4) En ning\u00fan caso, se expresar\u00e1 en la p\u00e1gina donde se ubique el enlace que CLUB BELAIR ha prestado su consentimiento para la inserci\u00f3n del mismo o que, de otra forma, patrocina, colabora, verifica o supervisa los servicios del remitente.<\/p>\n<p>5) Est\u00e1 prohibida la utilizaci\u00f3n de cualquier marca denominativa, gr\u00e1fica o mixta o cualquier otro distintivo de CLUB BELAIR, dentro de la p\u00e1gina del remitente salvo en los casos permitidos por la Ley o expresamente autorizados por CLUB BELAIR, y siempre que se permita, en estos casos, un enlace directo con la p\u00e1gina web de CLUB BELAIR, en la forma establecida en esta cl\u00e1usula.<\/p>\n<p>6) La p\u00e1gina que establezca el enlace deber\u00e1 cumplir fielmente con la Ley y no podr\u00e1 en ning\u00fan caso disponer o enlazar con contenidos propios o de terceros que: (i) sean il\u00edcitos, nocivos o contrarios a la moral y a las buenas costumbres (pornogr\u00e1ficos, violentos, racistas, etc.); (ii) induzcan o puedan inducir en el Usuario la falsa concepci\u00f3n de que CLUB BELAIR, suscribe, respalda, se adhiere o de cualquier manera apoya, las ideas, manifestaciones o expresiones, l\u00edcitas o il\u00edcitas, del remitente; (iii) resulten inapropiados o no pertinentes con la actividad de CLUB BELAIR, en atenci\u00f3n al lugar, contenidos y tem\u00e1tica de la p\u00e1gina web del remitente.<\/p>\n<p>En cualquier caso, CLUB BELAIR, se reserva el derecho a prohibir los enlaces a su p\u00e1gina web y a exigir su retirada cuando \u00e9stos no cumplan las condiciones exigidas en este apartado.<\/p>\n<h1>RESPONSABILIDAD<\/h1>\n<p>El usuario ser\u00e1 el \u00fanico responsable de las infracciones en que pueda incurrir o de los perjuicios que se puedan causar a terceros por la indebida o ileg\u00edtima utilizaci\u00f3n de la p\u00e1gina web.<\/p>\n<p>CLUB BELAIR, no ser\u00e1 responsable de los posibles da\u00f1os o perjuicios que se pudieran derivar de interferencias, omisiones, interrupciones, virus inform\u00e1ticos, aver\u00edas telef\u00f3nicas o desconexiones en el funcionamiento operativo de los sistemas electr\u00f3nicos o inform\u00e1ticos, motivadas por causas ajenas a la empresa, de los retrasos o bloqueos en el uso de dichos sistemas causados por deficiencias o sobrecargas de l\u00edneas telef\u00f3nicas, sobrecargas en el sistema de Internet o en otros sistemas electr\u00f3nicos.<\/p>\n<p>CLUB BELAIR, no garantiza la veracidad ni se responsabiliza de las consecuencias que pudieran derivarse de los errores en los contenidos proporcionados por terceros que pudieran aparecer en esta p\u00e1gina web.<\/p>\n<p>Del mismo modo, CLUB BELAIR, tampoco se responsabiliza de los contenidos, productos o servicios que puedan visualizarse mediante enlaces electr\u00f3nicos (links), directa o indirectamente, a trav\u00e9s de la p\u00e1gina web, salvo en aquellos supuestos previstos en el art\u00edculo 17 de la Ley 34\/2002, de 12 de julio, de Servicios de la Sociedad de la Informaci\u00f3n y Comercio Electr\u00f3nico (LSSI). En caso de que un usuario considere que existe un sitio enlazado con contenidos il\u00edcitos o inadecuados deber\u00e1 ponerlos en conocimiento de CLUB BELAIR, siguiendo el procedimiento establecido en el apartado 9 de este Aviso Legal.<\/p>\n<p>Los enlaces no representan necesariamente la existencia de relaci\u00f3n entre CLUB BELAIR, y los particulares y entidades titulares de las p\u00e1ginas a las que dan acceso ni la recomendaci\u00f3n, promoci\u00f3n o identificaci\u00f3n de CLUB BELAIR, con las manifestaciones, contenidos o servicios facilitados a trav\u00e9s de ellas. CLUB BELAIR, se reserva el derecho a retirar de modo unilateral y en cualquier momento los links que aparecen en su p\u00e1gina web.<\/p>\n<p>CLUB BELAIR, no conoce los contenidos y servicios de los sitios enlazados y, por tanto, no se hace responsable por los da\u00f1os producidos por la ilicitud, calidad, desactualizaci\u00f3n, indisponibilidad, error e inutilidad de los mismos ni por cualquier otro da\u00f1o que no sea directamente imputable a ella.<\/p>\n<p>CLUB BELAIR, se exime de responsabilidad en cuanto a las \u00abcookies\u00bb que terceros ajenos pudieran instalar en el disco duro del ordenador del usuario.<\/p>\n<h1>COMUNICACIONES<\/h1>\n<p>Para cualquier comunicaci\u00f3n que fuera preciso efectuar deber\u00e1n de enviar un correo electr\u00f3nico a reservas@clubbelair.com\u00a0<\/p>\n<h1>JURISDICCI\u00d3N Y LEGISLACI\u00d3N APLICABLE<\/h1>\n<p>Los t\u00e9rminos y condiciones que rigen este web site y todas las relaciones que pudieran derivarse se encuentran salvaguardados por la legislaci\u00f3n espa\u00f1ola.<\/p>\n<p>Cualquier controversia que pudiera derivarse del acceso o la utilizaci\u00f3n de este web site ser\u00e1 de competencia de los tribunales de M\u00e1laga.<\/p>\n<p>[\/et_pb_text][\/et_pb_column][\/et_pb_row][\/et_pb_section]<\/p>\n","protected":false},"excerpt":{"rendered":"<p>POL\u00cdTICA DE PRIVACIDAD La finalidad de la recogida y tratamiento de los datos personales, a trav\u00e9s del correo electr\u00f3nico propiedad de Azul Estepona S.L. puesto a disposici\u00f3n de los Usuarios, responde, seg\u00fan el caso concreto, para gestionar y atender a solicitudes de informaci\u00f3n, dudas o sugerencias, o bien a las publicaciones o a cualesquiera servicios [&hellip;]<\/p>\n","protected":false},"author":1,"featured_media":0,"parent":0,"menu_order":0,"comment_status":"closed","ping_status":"closed","template":"","meta":{"_et_pb_use_builder":"on","_et_pb_old_content":"","_et_gb_content_width":"","_joinchat":[],"footnotes":""},"class_list":["post-532","page","type-page","status-publish","hentry"],"yoast_head":"<!-- This site is optimized with the Yoast SEO plugin v25.4 - https:\/\/yoast.com\/wordpress\/plugins\/seo\/ -->\n<title>POLITICA PRIVACIDAD - CLUB BEL AIR<\/title>\n<meta name=\"robots\" content=\"index, follow, max-snippet:-1, max-image-preview:large, max-video-preview:-1\" \/>\n<link rel=\"canonical\" href=\"https:\/\/www.clubbelair.com\/es\/politica-privacidad\/\" \/>\n<meta property=\"og:locale\" content=\"es_ES\" \/>\n<meta property=\"og:type\" content=\"article\" \/>\n<meta property=\"og:title\" content=\"POLITICA PRIVACIDAD - CLUB BEL AIR\" \/>\n<meta property=\"og:description\" content=\"POL\u00cdTICA DE PRIVACIDAD La finalidad de la recogida y tratamiento de los datos personales, a trav\u00e9s del correo electr\u00f3nico propiedad de Azul Estepona S.L. puesto a disposici\u00f3n de los Usuarios, responde, seg\u00fan el caso concreto, para gestionar y atender a solicitudes de informaci\u00f3n, dudas o sugerencias, o bien a las publicaciones o a cualesquiera servicios [&hellip;]\" \/>\n<meta property=\"og:url\" content=\"https:\/\/www.clubbelair.com\/es\/politica-privacidad\/\" \/>\n<meta property=\"og:site_name\" content=\"CLUB BEL AIR\" \/>\n<meta property=\"article:modified_time\" content=\"2022-08-29T17:05:51+00:00\" \/>\n<meta name=\"twitter:card\" content=\"summary_large_image\" \/>\n<script type=\"application\/ld+json\" class=\"yoast-schema-graph\">{\"@context\":\"https:\/\/schema.org\",\"@graph\":[{\"@type\":\"WebPage\",\"@id\":\"https:\/\/www.clubbelair.com\/es\/politica-privacidad\/\",\"url\":\"https:\/\/www.clubbelair.com\/es\/politica-privacidad\/\",\"name\":\"POLITICA PRIVACIDAD - CLUB BEL AIR\",\"isPartOf\":{\"@id\":\"https:\/\/www.clubbelair.com\/es\/#website\"},\"datePublished\":\"2022-08-29T17:05:48+00:00\",\"dateModified\":\"2022-08-29T17:05:51+00:00\",\"breadcrumb\":{\"@id\":\"https:\/\/www.clubbelair.com\/es\/politica-privacidad\/#breadcrumb\"},\"inLanguage\":\"es\",\"potentialAction\":[{\"@type\":\"ReadAction\",\"target\":[\"https:\/\/www.clubbelair.com\/es\/politica-privacidad\/\"]}]},{\"@type\":\"BreadcrumbList\",\"@id\":\"https:\/\/www.clubbelair.com\/es\/politica-privacidad\/#breadcrumb\",\"itemListElement\":[{\"@type\":\"ListItem\",\"position\":1,\"name\":\"Portada\",\"item\":\"https:\/\/www.clubbelair.com\/es\/\"},{\"@type\":\"ListItem\",\"position\":2,\"name\":\"POLITICA PRIVACIDAD\"}]},{\"@type\":\"WebSite\",\"@id\":\"https:\/\/www.clubbelair.com\/es\/#website\",\"url\":\"https:\/\/www.clubbelair.com\/es\/\",\"name\":\"CLUB BEL AIR\",\"description\":\"Night Club en Marbella, San Pedro de Alcantara y Estepona\",\"potentialAction\":[{\"@type\":\"SearchAction\",\"target\":{\"@type\":\"EntryPoint\",\"urlTemplate\":\"https:\/\/www.clubbelair.com\/es\/?s={search_term_string}\"},\"query-input\":{\"@type\":\"PropertyValueSpecification\",\"valueRequired\":true,\"valueName\":\"search_term_string\"}}],\"inLanguage\":\"es\"}]}<\/script>\n<!-- \/ Yoast SEO plugin. -->","yoast_head_json":{"title":"POLITICA PRIVACIDAD - CLUB BEL AIR","robots":{"index":"index","follow":"follow","max-snippet":"max-snippet:-1","max-image-preview":"max-image-preview:large","max-video-preview":"max-video-preview:-1"},"canonical":"https:\/\/www.clubbelair.com\/es\/politica-privacidad\/","og_locale":"es_ES","og_type":"article","og_title":"POLITICA PRIVACIDAD - CLUB BEL AIR","og_description":"POL\u00cdTICA DE PRIVACIDAD La finalidad de la recogida y tratamiento de los datos personales, a trav\u00e9s del correo electr\u00f3nico propiedad de Azul Estepona S.L. puesto a disposici\u00f3n de los Usuarios, responde, seg\u00fan el caso concreto, para gestionar y atender a solicitudes de informaci\u00f3n, dudas o sugerencias, o bien a las publicaciones o a cualesquiera servicios [&hellip;]","og_url":"https:\/\/www.clubbelair.com\/es\/politica-privacidad\/","og_site_name":"CLUB BEL AIR","article_modified_time":"2022-08-29T17:05:51+00:00","twitter_card":"summary_large_image","schema":{"@context":"https:\/\/schema.org","@graph":[{"@type":"WebPage","@id":"https:\/\/www.clubbelair.com\/es\/politica-privacidad\/","url":"https:\/\/www.clubbelair.com\/es\/politica-privacidad\/","name":"POLITICA PRIVACIDAD - CLUB BEL AIR","isPartOf":{"@id":"https:\/\/www.clubbelair.com\/es\/#website"},"datePublished":"2022-08-29T17:05:48+00:00","dateModified":"2022-08-29T17:05:51+00:00","breadcrumb":{"@id":"https:\/\/www.clubbelair.com\/es\/politica-privacidad\/#breadcrumb"},"inLanguage":"es","potentialAction":[{"@type":"ReadAction","target":["https:\/\/www.clubbelair.com\/es\/politica-privacidad\/"]}]},{"@type":"BreadcrumbList","@id":"https:\/\/www.clubbelair.com\/es\/politica-privacidad\/#breadcrumb","itemListElement":[{"@type":"ListItem","position":1,"name":"Portada","item":"https:\/\/www.clubbelair.com\/es\/"},{"@type":"ListItem","position":2,"name":"POLITICA PRIVACIDAD"}]},{"@type":"WebSite","@id":"https:\/\/www.clubbelair.com\/es\/#website","url":"https:\/\/www.clubbelair.com\/es\/","name":"CLUB BEL AIR","description":"Night Club en Marbella, San Pedro de Alcantara y Estepona","potentialAction":[{"@type":"SearchAction","target":{"@type":"EntryPoint","urlTemplate":"https:\/\/www.clubbelair.com\/es\/?s={search_term_string}"},"query-input":{"@type":"PropertyValueSpecification","valueRequired":true,"valueName":"search_term_string"}}],"inLanguage":"es"}]}},"_links":{"self":[{"href":"https:\/\/www.clubbelair.com\/es\/wp-json\/wp\/v2\/pages\/532","targetHints":{"allow":["GET"]}}],"collection":[{"href":"https:\/\/www.clubbelair.com\/es\/wp-json\/wp\/v2\/pages"}],"about":[{"href":"https:\/\/www.clubbelair.com\/es\/wp-json\/wp\/v2\/types\/page"}],"author":[{"embeddable":true,"href":"https:\/\/www.clubbelair.com\/es\/wp-json\/wp\/v2\/users\/1"}],"replies":[{"embeddable":true,"href":"https:\/\/www.clubbelair.com\/es\/wp-json\/wp\/v2\/comments?post=532"}],"version-history":[{"count":2,"href":"https:\/\/www.clubbelair.com\/es\/wp-json\/wp\/v2\/pages\/532\/revisions"}],"predecessor-version":[{"id":535,"href":"https:\/\/www.clubbelair.com\/es\/wp-json\/wp\/v2\/pages\/532\/revisions\/535"}],"wp:attachment":[{"href":"https:\/\/www.clubbelair.com\/es\/wp-json\/wp\/v2\/media?parent=532"}],"curies":[{"name":"wp","href":"https:\/\/api.w.org\/{rel}","templated":true}]}}