{"id":528,"date":"2022-08-29T16:45:39","date_gmt":"2022-08-29T16:45:39","guid":{"rendered":"https:\/\/www.clubbelair.com\/es\/?page_id=528"},"modified":"2022-08-29T16:50:41","modified_gmt":"2022-08-29T16:50:41","slug":"aviso-legal","status":"publish","type":"page","link":"https:\/\/www.clubbelair.com\/es\/aviso-legal\/","title":{"rendered":"Aviso Legal"},"content":{"rendered":"<p>[et_pb_section fb_built=\u00bb1&#8243; _builder_version=\u00bb4.18.0&#8243; _module_preset=\u00bbdefault\u00bb global_colors_info=\u00bb{}\u00bb][et_pb_row _builder_version=\u00bb4.18.0&#8243; _module_preset=\u00bbdefault\u00bb global_colors_info=\u00bb{}\u00bb][et_pb_column type=\u00bb4_4&#8243; _builder_version=\u00bb4.18.0&#8243; _module_preset=\u00bbdefault\u00bb global_colors_info=\u00bb{}\u00bb][et_pb_text _builder_version=\u00bb4.18.0&#8243; _module_preset=\u00bbdefault\u00bb hover_enabled=\u00bb0&#8243; global_colors_info=\u00bb{}\u00bb sticky_enabled=\u00bb0&#8243;]<\/p>\n<p>El presente Aviso Legal regula el uso de la p\u00e1gina web https:\/\/www.clubbelair.com (en adelante, la p\u00e1gina web) titularidad de Azul Estepona S.L. con CIF B93189835 y domicilio social en Urb. Bel-Air, Km. 166,5\u00a0 ESTEPONA.<\/p>\n<p>El acceso a la p\u00e1gina web es gratuito salvo en lo relativo al coste de la conexi\u00f3n a trav\u00e9s de la red de telecomunicaciones suministrada por el proveedor de acceso contratado por los usuarios.<\/p>\n<h1>ACEPTACI\u00d3N<\/h1>\n<p>La utilizaci\u00f3n de la p\u00e1gina web atribuye la condici\u00f3n de usuario e implica la aceptaci\u00f3n de todas las condiciones y t\u00e9rminos de uso incluidos en el presente Aviso Legal.<\/p>\n<p>Se recomienda a los Usuarios leer atentamente este Aviso Legal de forma peri\u00f3dica, ya que las condiciones de uso de la misma, recogidas en el mencionado Aviso, pueden sufrir modificaciones.<\/p>\n<p>CLUB BELAIR, se reserva la facultad de modificar unilateralmente las condiciones y t\u00e9rminos de uso de esta p\u00e1gina. Cualquier cambio en este sentido se publicar\u00e1 de forma visible en la p\u00e1gina web, indicando la fecha de la \u00faltima actualizaci\u00f3n en la parte superior del documento. Si usted contin\u00faa haciendo uso de los servicios prestados en la p\u00e1gina web, una vez modificadas las condiciones de uso de la misma, se entender\u00e1 que acepta las modificaciones realizadas en las mismas.<\/p>\n<h1>NAVEGACI\u00d3N, ACCESO Y SEGURIDAD<\/h1>\n<p>El acceso y navegaci\u00f3n en este web site supone aceptar y conocer las advertencias legales, condiciones y t\u00e9rminos de uso contenidas en ella. <a href=\"https:\/\/www.clubbelair.com\/\">https:\/\/www.clubbelair.com\/<\/a> , realiza los m\u00e1ximos esfuerzos para que la navegaci\u00f3n se realice en las mejores condiciones y evitar los perjuicios de cualquier tipo que pudieran ocasionarse durante la misma.<\/p>\n<p>El Titular no se hace responsable de los perjuicios, de cualquier \u00edndole, que pudieran ocasionarse a los Usuarios por la utilizaci\u00f3n de otros navegadores o versiones distintas de los navegadores para los que ha sido dise\u00f1ado el web site.<\/p>\n<h1>OBLIGACIONES DEL USUARIO<\/h1>\n<h3><strong>Obligaci\u00f3n de hacer un uso correcto de la p\u00e1gina web<\/strong><\/h3>\n<p>Las condiciones de acceso y uso de esta p\u00e1gina web est\u00e1n supeditadas a la legalidad vigente y a los principios de buena fe y uso l\u00edcito por parte del usuario de la misma quedando prohibido, con car\u00e1cter general, cualquier tipo de actuaci\u00f3n en perjuicio de WWW.CLUBBELAIR.COM, y contraria al presente Aviso Legal.<\/p>\n<p>El usuario se compromete a utilizar este servicio sin incurrir en actividades que puedan ser consideradas il\u00edcitas o ilegales, que infrinjan los derechos de WWW.CLUBBELAIR.COM, o de terceros, o que puedan da\u00f1ar, inutilizar, sobrecargar o deteriorar la p\u00e1gina web o impedir la normal utilizaci\u00f3n de la misma por parte de otros usuarios.<\/p>\n<h3><strong>Prohibiciones<\/strong><\/h3>\n<p>Queda prohibido el uso de esta web con fines ilegales o no autorizados, en concreto y sin car\u00e1cter taxativo:<\/p>\n<p>1) Cualquier forma de violaci\u00f3n de los derechos de terceros (derecho a la intimidad, derecho a la propia imagen, derechos de propiedad intelectual e industrial, etc.).<\/p>\n<p>2) Realizar, usando los contenidos de esta web, cualquier tipo de publicidad como env\u00edo de correos electr\u00f3nicos no solicitados (spam) o comunicaci\u00f3n similar.<\/p>\n<p>3) Introducir virus inform\u00e1ticos, archivos defectuosos o cualquier otro software o programa inform\u00e1tico que pueda provocar da\u00f1os o alteraciones no autorizadas de los contenidos o sistemas accesibles a trav\u00e9s de esta p\u00e1gina web.<\/p>\n<h1>ACTUALIDAD<\/h1>\n<p>La informaci\u00f3n que aparece en este web site es la vigente en la fecha de su \u00faltima actualizaci\u00f3n. El Titular se reserva el derecho a actualizar, modificar o eliminar la informaci\u00f3n de este web site.<\/p>\n<h1>PROPIEDAD INTELECTUAL<\/h1>\n<p>Toda la informaci\u00f3n contenida en esta p\u00e1gina web, as\u00ed como su dise\u00f1o gr\u00e1fico y los c\u00f3digos utilizados, est\u00e1n protegidos por derechos de autor u otros derechos de protecci\u00f3n recogidos en el Real Decreto Legislativo 1\/1996, de 12 de abril, por el que se aprueba el Texto Refundido de la Ley de Propiedad Intelectual. Estos derechos pertenecen exclusivamente a <a href=\"WWW.CLUBBELAIR.COM\">WWW.CLUBBELAIR.COM<\/a> , o a sus licenciantes, por lo tanto, queda expresamente excluido cualquier acto de reproducci\u00f3n, distribuci\u00f3n, transformaci\u00f3n o comunicaci\u00f3n p\u00fablica, as\u00ed como cualquier tipo de cesi\u00f3n, del todo o parte del contenido de este sitio, y en general de cualquier objeto que seg\u00fan la legislaci\u00f3n vigente sea protegible por las normas de propiedad intelectual.<\/p>\n<p>Todo el contenido del web y todo el contenido disponible a trav\u00e9s de los productos y servicios del Titular incluyendo dise\u00f1os, texto, gr\u00e1ficos, im\u00e1genes, v\u00eddeo, informaci\u00f3n, aplicaciones, software, m\u00fasica, sonido y otros archivos, as\u00ed como su selecci\u00f3n y disposici\u00f3n (el \u00abContenido\u201d) son propiedad exclusiva del Titular o de sus licenciantes, con todos los derechos reservados.<\/p>\n<p>Ninguna parte del Contenido del web podr\u00e1 ser modificada, copiada, distribuida, enmarcada, reproducida, republicada, descargada, extra\u00edda, mostrada, publicada, transmitida o vendida en modo alguno o por ning\u00fan medio, total o parcialmente, sin el previo consentimiento por escrito del Titular. No se podr\u00e1 cargar o republicar Contenido del web en ning\u00fan sitio de Internet, Intranet o Extranet ni integrar la informaci\u00f3n en bases de datos o compilaci\u00f3n. Cualquier otro uso del Contenido del web queda estrictamente prohibido.<\/p>\n<p>El contenido de esta p\u00e1gina no debe ser utilizado para difusi\u00f3n p\u00fablica o con fines comerciales, y no debe ser modificado sin el previo consentimiento escrito del Titular.<\/p>\n<p>[\/et_pb_text][\/et_pb_column][\/et_pb_row][\/et_pb_section]<\/p>\n","protected":false},"excerpt":{"rendered":"<p>El presente Aviso Legal regula el uso de la p\u00e1gina web https:\/\/www.clubbelair.com (en adelante, la p\u00e1gina web) titularidad de Azul Estepona S.L. con CIF B93189835 y domicilio social en Urb. Bel-Air, Km. 166,5\u00a0 ESTEPONA. El acceso a la p\u00e1gina web es gratuito salvo en lo relativo al coste de la conexi\u00f3n a trav\u00e9s de la [&hellip;]<\/p>\n","protected":false},"author":1,"featured_media":0,"parent":0,"menu_order":0,"comment_status":"closed","ping_status":"closed","template":"","meta":{"_et_pb_use_builder":"on","_et_pb_old_content":"","_et_gb_content_width":"","_joinchat":[],"footnotes":""},"class_list":["post-528","page","type-page","status-publish","hentry"],"yoast_head":"<!-- This site is optimized with the Yoast SEO plugin v25.4 - https:\/\/yoast.com\/wordpress\/plugins\/seo\/ -->\n<title>Aviso Legal - CLUB BEL AIR<\/title>\n<meta name=\"robots\" content=\"index, follow, max-snippet:-1, max-image-preview:large, max-video-preview:-1\" \/>\n<link rel=\"canonical\" href=\"https:\/\/www.clubbelair.com\/es\/aviso-legal\/\" \/>\n<meta property=\"og:locale\" content=\"es_ES\" \/>\n<meta property=\"og:type\" content=\"article\" \/>\n<meta property=\"og:title\" content=\"Aviso Legal - CLUB BEL AIR\" \/>\n<meta property=\"og:description\" content=\"El presente Aviso Legal regula el uso de la p\u00e1gina web https:\/\/www.clubbelair.com (en adelante, la p\u00e1gina web) titularidad de Azul Estepona S.L. con CIF B93189835 y domicilio social en Urb. Bel-Air, Km. 166,5\u00a0 ESTEPONA. El acceso a la p\u00e1gina web es gratuito salvo en lo relativo al coste de la conexi\u00f3n a trav\u00e9s de la [&hellip;]\" \/>\n<meta property=\"og:url\" content=\"https:\/\/www.clubbelair.com\/es\/aviso-legal\/\" \/>\n<meta property=\"og:site_name\" content=\"CLUB BEL AIR\" \/>\n<meta property=\"article:modified_time\" content=\"2022-08-29T16:50:41+00:00\" \/>\n<meta name=\"twitter:card\" content=\"summary_large_image\" \/>\n<script type=\"application\/ld+json\" class=\"yoast-schema-graph\">{\"@context\":\"https:\/\/schema.org\",\"@graph\":[{\"@type\":\"WebPage\",\"@id\":\"https:\/\/www.clubbelair.com\/es\/aviso-legal\/\",\"url\":\"https:\/\/www.clubbelair.com\/es\/aviso-legal\/\",\"name\":\"Aviso Legal - CLUB BEL AIR\",\"isPartOf\":{\"@id\":\"https:\/\/www.clubbelair.com\/es\/#website\"},\"datePublished\":\"2022-08-29T16:45:39+00:00\",\"dateModified\":\"2022-08-29T16:50:41+00:00\",\"breadcrumb\":{\"@id\":\"https:\/\/www.clubbelair.com\/es\/aviso-legal\/#breadcrumb\"},\"inLanguage\":\"es\",\"potentialAction\":[{\"@type\":\"ReadAction\",\"target\":[\"https:\/\/www.clubbelair.com\/es\/aviso-legal\/\"]}]},{\"@type\":\"BreadcrumbList\",\"@id\":\"https:\/\/www.clubbelair.com\/es\/aviso-legal\/#breadcrumb\",\"itemListElement\":[{\"@type\":\"ListItem\",\"position\":1,\"name\":\"Portada\",\"item\":\"https:\/\/www.clubbelair.com\/es\/\"},{\"@type\":\"ListItem\",\"position\":2,\"name\":\"Aviso Legal\"}]},{\"@type\":\"WebSite\",\"@id\":\"https:\/\/www.clubbelair.com\/es\/#website\",\"url\":\"https:\/\/www.clubbelair.com\/es\/\",\"name\":\"CLUB BEL AIR\",\"description\":\"Night Club en Marbella, San Pedro de Alcantara y Estepona\",\"potentialAction\":[{\"@type\":\"SearchAction\",\"target\":{\"@type\":\"EntryPoint\",\"urlTemplate\":\"https:\/\/www.clubbelair.com\/es\/?s={search_term_string}\"},\"query-input\":{\"@type\":\"PropertyValueSpecification\",\"valueRequired\":true,\"valueName\":\"search_term_string\"}}],\"inLanguage\":\"es\"}]}<\/script>\n<!-- \/ Yoast SEO plugin. -->","yoast_head_json":{"title":"Aviso Legal - CLUB BEL AIR","robots":{"index":"index","follow":"follow","max-snippet":"max-snippet:-1","max-image-preview":"max-image-preview:large","max-video-preview":"max-video-preview:-1"},"canonical":"https:\/\/www.clubbelair.com\/es\/aviso-legal\/","og_locale":"es_ES","og_type":"article","og_title":"Aviso Legal - CLUB BEL AIR","og_description":"El presente Aviso Legal regula el uso de la p\u00e1gina web https:\/\/www.clubbelair.com (en adelante, la p\u00e1gina web) titularidad de Azul Estepona S.L. con CIF B93189835 y domicilio social en Urb. Bel-Air, Km. 166,5\u00a0 ESTEPONA. El acceso a la p\u00e1gina web es gratuito salvo en lo relativo al coste de la conexi\u00f3n a trav\u00e9s de la [&hellip;]","og_url":"https:\/\/www.clubbelair.com\/es\/aviso-legal\/","og_site_name":"CLUB BEL AIR","article_modified_time":"2022-08-29T16:50:41+00:00","twitter_card":"summary_large_image","schema":{"@context":"https:\/\/schema.org","@graph":[{"@type":"WebPage","@id":"https:\/\/www.clubbelair.com\/es\/aviso-legal\/","url":"https:\/\/www.clubbelair.com\/es\/aviso-legal\/","name":"Aviso Legal - CLUB BEL AIR","isPartOf":{"@id":"https:\/\/www.clubbelair.com\/es\/#website"},"datePublished":"2022-08-29T16:45:39+00:00","dateModified":"2022-08-29T16:50:41+00:00","breadcrumb":{"@id":"https:\/\/www.clubbelair.com\/es\/aviso-legal\/#breadcrumb"},"inLanguage":"es","potentialAction":[{"@type":"ReadAction","target":["https:\/\/www.clubbelair.com\/es\/aviso-legal\/"]}]},{"@type":"BreadcrumbList","@id":"https:\/\/www.clubbelair.com\/es\/aviso-legal\/#breadcrumb","itemListElement":[{"@type":"ListItem","position":1,"name":"Portada","item":"https:\/\/www.clubbelair.com\/es\/"},{"@type":"ListItem","position":2,"name":"Aviso Legal"}]},{"@type":"WebSite","@id":"https:\/\/www.clubbelair.com\/es\/#website","url":"https:\/\/www.clubbelair.com\/es\/","name":"CLUB BEL AIR","description":"Night Club en Marbella, San Pedro de Alcantara y Estepona","potentialAction":[{"@type":"SearchAction","target":{"@type":"EntryPoint","urlTemplate":"https:\/\/www.clubbelair.com\/es\/?s={search_term_string}"},"query-input":{"@type":"PropertyValueSpecification","valueRequired":true,"valueName":"search_term_string"}}],"inLanguage":"es"}]}},"_links":{"self":[{"href":"https:\/\/www.clubbelair.com\/es\/wp-json\/wp\/v2\/pages\/528","targetHints":{"allow":["GET"]}}],"collection":[{"href":"https:\/\/www.clubbelair.com\/es\/wp-json\/wp\/v2\/pages"}],"about":[{"href":"https:\/\/www.clubbelair.com\/es\/wp-json\/wp\/v2\/types\/page"}],"author":[{"embeddable":true,"href":"https:\/\/www.clubbelair.com\/es\/wp-json\/wp\/v2\/users\/1"}],"replies":[{"embeddable":true,"href":"https:\/\/www.clubbelair.com\/es\/wp-json\/wp\/v2\/comments?post=528"}],"version-history":[{"count":3,"href":"https:\/\/www.clubbelair.com\/es\/wp-json\/wp\/v2\/pages\/528\/revisions"}],"predecessor-version":[{"id":531,"href":"https:\/\/www.clubbelair.com\/es\/wp-json\/wp\/v2\/pages\/528\/revisions\/531"}],"wp:attachment":[{"href":"https:\/\/www.clubbelair.com\/es\/wp-json\/wp\/v2\/media?parent=528"}],"curies":[{"name":"wp","href":"https:\/\/api.w.org\/{rel}","templated":true}]}}