{"id":39,"date":"2014-06-12T16:54:44","date_gmt":"2014-06-12T16:54:44","guid":{"rendered":"http:\/\/www.clubbelair.com\/es\/?page_id=39"},"modified":"2025-09-04T08:11:35","modified_gmt":"2025-09-04T08:11:35","slug":"inicio","status":"publish","type":"page","link":"https:\/\/www.clubbelair.com\/es\/","title":{"rendered":"CLUB"},"content":{"rendered":"<p>[et_pb_section fb_built=\u00bb1&#8243; custom_padding_last_edited=\u00bbon|desktop\u00bb _builder_version=\u00bb4.25.2&#8243; background_color=\u00bb#ffffff\u00bb background_image=\u00bbhttps:\/\/www.clubbelair.com\/es\/wp-content\/uploads\/2014\/06\/IMG_7956.jpg\u00bb parallax=\u00bbon\u00bb custom_padding_tablet=\u00bb50px|0|50px|0&#8243; custom_padding_phone=\u00bb\u00bb transparent_background=\u00bboff\u00bb padding_mobile=\u00bboff\u00bb global_colors_info=\u00bb{}\u00bb][et_pb_row _builder_version=\u00bb4.16&#8243; global_colors_info=\u00bb{}\u00bb][et_pb_column type=\u00bb4_4&#8243; _builder_version=\u00bb4.16&#8243; global_colors_info=\u00bb{}\u00bb][\/et_pb_column][\/et_pb_row][et_pb_row padding_mobile=\u00bboff\u00bb column_padding_mobile=\u00bbon\u00bb module_class=\u00bb et_pb_row_fullwidth\u00bb _builder_version=\u00bb4.16&#8243; background_size=\u00bbinitial\u00bb background_position=\u00bbtop_left\u00bb background_repeat=\u00bbrepeat\u00bb width=\u00bb89%\u00bb width_tablet=\u00bb80%\u00bb width_phone=\u00bb\u00bb width_last_edited=\u00bbon|desktop\u00bb max_width=\u00bb89%\u00bb max_width_tablet=\u00bb80%\u00bb max_width_phone=\u00bb\u00bb max_width_last_edited=\u00bbon|desktop\u00bb make_fullwidth=\u00bbon\u00bb global_colors_info=\u00bb{}\u00bb][et_pb_column type=\u00bb4_4&#8243; _builder_version=\u00bb4.16&#8243; custom_padding=\u00bb|||\u00bb global_colors_info=\u00bb{}\u00bb custom_padding__hover=\u00bb|||\u00bb][et_pb_divider show_divider=\u00bboff\u00bb disabled_on=\u00bbon|on|off\u00bb _builder_version=\u00bb4.16&#8243; height=\u00bb390px\u00bb custom_margin=\u00bb273px|||||\u00bb hide_on_mobile=\u00bbon\u00bb global_colors_info=\u00bb{}\u00bb][\/et_pb_divider][et_pb_text _builder_version=\u00bb4.16&#8243; global_colors_info=\u00bb{}\u00bb]<\/p>\n<p>NIGHT CLUB\u00a0 MARBELLA &#8211; ESTEPONA<\/p>\n<p>[\/et_pb_text][\/et_pb_column][\/et_pb_row][\/et_pb_section][et_pb_section fb_built=\u00bb1&#8243; custom_padding_last_edited=\u00bbon|desktop\u00bb _builder_version=\u00bb4.16&#8243; background_image=\u00bbhttps:\/\/www.clubbelair.com\/es\/wp-content\/uploads\/2014\/06\/textura-de-negro-85012.jpg\u00bb custom_padding=\u00bb||0px|||\u00bb custom_padding_tablet=\u00bb50px|0|50px|0&#8243; custom_padding_phone=\u00bb\u00bb transparent_background=\u00bboff\u00bb padding_mobile=\u00bboff\u00bb global_colors_info=\u00bb{}\u00bb][et_pb_row column_structure=\u00bb3_5,2_5&#8243; _builder_version=\u00bb4.25.2&#8243; custom_margin_tablet=\u00bb\u00bb custom_margin_phone=\u00bb-57px||||false|false\u00bb custom_margin_last_edited=\u00bbon|desktop\u00bb global_colors_info=\u00bb{}\u00bb][et_pb_column type=\u00bb3_5&#8243; _builder_version=\u00bb4.16&#8243; custom_padding=\u00bb|||\u00bb global_colors_info=\u00bb{}\u00bb custom_padding__hover=\u00bb|||\u00bb][et_pb_text _builder_version=\u00bb4.27.0&#8243; text_font=\u00bbAnek Bangla||||||||\u00bb text_text_color=\u00bb#ffffff\u00bb text_font_size=\u00bb19px\u00bb text_line_height=\u00bb1.2em\u00bb header_2_font=\u00bbAnek Bangla||||||||\u00bb header_2_text_color=\u00bb#FFFFFF\u00bb header_2_font_size=\u00bb22px\u00bb header_4_text_color=\u00bb#FFFFFF\u00bb custom_margin=\u00bb35px|||||\u00bb custom_margin_tablet=\u00bb35px|||||\u00bb custom_margin_phone=\u00bb0px||||false|false\u00bb custom_margin_last_edited=\u00bbon|phone\u00bb custom_padding=\u00bb0px||0px|||\u00bb global_colors_info=\u00bb{}\u00bb]<\/p>\n<h2 style=\"text-align: left;\"><\/h2>\n<p><em><\/em><\/p>\n<h2 style=\"text-align: left;\"><em><strong>Te ofrecemos una experiencia \u00fanica en una atmosfera encantadora.<\/strong><strong><\/strong><\/em><\/h2>\n<p><em><strong><\/strong><\/em><\/p>\n<p style=\"text-align: left;\">\u00bfAlguna vez has so\u00f1ado con disfrutar en un lugar verdaderamente especial?<strong><\/strong><\/p>\n<p style=\"text-align: justify;\">Entre Estepona y Marbella cerca de Puerto Ban\u00fas, Encontrar\u00e1s nuestro sitio de encuentro, donde poder disfrutar y relajarte recibiendo el mejor trato en esa elegancia mediterr\u00e1nea donde nos vemos situados, desde\u00a0 la ca\u00edda del sol. Nuestro lugar de copas ofrece una experiencia \u00fanica en un ambiente \u00a0de sabores frescos nocturnos que te har\u00e1n sentir.<\/p>\n<p style=\"text-align: justify;\">Ven y descubre por qu\u00e9 nuestros clientes nos consideran el secreto mejor guardado de la Costa del Sol.<\/p>\n<p>&nbsp;<\/p>\n<p style=\"text-align: center;\">[\/et_pb_text][\/et_pb_column][et_pb_column type=\u00bb2_5&#8243; _builder_version=\u00bb4.16&#8243; custom_padding=\u00bb|||\u00bb global_colors_info=\u00bb{}\u00bb custom_padding__hover=\u00bb|||\u00bb][et_pb_image src=\u00bbhttps:\/\/www.clubbelair.com\/es\/public_html\/es\/wp-content\/uploads\/2024\/06\/woman-holding-two-glasses-champagne-with-words-champagne-bottom.jpg\u00bb title_text=\u00bbwoman-holding-two-glasses-champagne-with-words-champagne-bottom\u00bb _builder_version=\u00bb4.25.2&#8243; _module_preset=\u00bbdefault\u00bb custom_margin=\u00bb-113px||||false|false\u00bb custom_padding=\u00bb156px|||||\u00bb custom_padding_last_edited=\u00bboff|phone\u00bb global_colors_info=\u00bb{}\u00bb][\/et_pb_image][\/et_pb_column][\/et_pb_row][et_pb_row _builder_version=\u00bb4.25.2&#8243; _module_preset=\u00bbdefault\u00bb global_colors_info=\u00bb{}\u00bb][et_pb_column type=\u00bb4_4&#8243; _builder_version=\u00bb4.25.2&#8243; _module_preset=\u00bbdefault\u00bb global_colors_info=\u00bb{}\u00bb][et_pb_text _builder_version=\u00bb4.25.2&#8243; _module_preset=\u00bbdefault\u00bb text_font=\u00bbAnek Bangla||||||||\u00bb text_text_color=\u00bb#FFFFFF\u00bb header_2_font=\u00bbAlex Brush||||||||\u00bb header_2_text_align=\u00bbright\u00bb header_2_text_color=\u00bb#FFFFFF\u00bb header_2_font_size=\u00bb35px\u00bb min_height=\u00bb745px\u00bb custom_margin=\u00bb-74px|||||\u00bb custom_padding=\u00bb61px||0px|||\u00bb global_colors_info=\u00bb{}\u00bb]<\/p>\n<p>&nbsp;<\/p>\n<h2>\u00a1Te esperamos para crear recuerdos inolvidables juntos!<\/h2>\n<p>&nbsp;<\/p>\n<p><strong>\u00bfEst\u00e1s cansado de la misma rutina nocturna?<\/strong><\/p>\n<p>Imaginate un oasis de diversi\u00f3n entre Marbella y Estepona, a un paso de Puerto Ban\u00fas. Nuestro sitio fusiona la elegancia de la Costa del Sol con la energ\u00eda vibrante de los mejores sitios de la noche<\/p>\n<p>Te invitamos a vivir una experiencia \u00fanica, donde el ambiente y el servicio excepcional se unen para crear noches inolvidables,<\/p>\n<p>&nbsp;<\/p>\n<h2>Ven y descubre por qu\u00e9 somos destino favorito de los amantes de la noche en la Costa del Sol.<\/h2>\n<p>[\/et_pb_text][\/et_pb_column][\/et_pb_row][\/et_pb_section][et_pb_section fb_built=\u00bb1&#8243; inner_shadow=\u00bbon\u00bb fullwidth=\u00bbon\u00bb custom_padding_last_edited=\u00bbon|desktop\u00bb admin_label=\u00bbsection\u00bb _builder_version=\u00bb4.16&#8243; background_color=\u00bb#ffffff\u00bb custom_padding=\u00bb0|0px|0px|0px|false|false\u00bb custom_padding_tablet=\u00bb50px|0|50px|0&#8243; custom_padding_phone=\u00bb\u00bb transparent_background=\u00bboff\u00bb global_colors_info=\u00bb{}\u00bb][et_pb_fullwidth_header title=\u00bbAmbiente selecto a 5 minutos de PUERTO BANUS\u00bb text_orientation=\u00bbcenter\u00bb admin_label=\u00bbFullwidth Header\u00bb _builder_version=\u00bb4.18.0&#8243; background_color=\u00bbrgba(255, 255, 255, 0)\u00bb background_layout=\u00bblight\u00bb custom_margin=\u00bb1px|||||\u00bb custom_padding=\u00bb2px||0px|||\u00bb global_colors_info=\u00bb{}\u00bb button_one_text_size__hover_enabled=\u00bboff\u00bb button_two_text_size__hover_enabled=\u00bboff\u00bb button_one_text_color__hover_enabled=\u00bboff\u00bb button_two_text_color__hover_enabled=\u00bboff\u00bb button_one_border_width__hover_enabled=\u00bboff\u00bb button_two_border_width__hover_enabled=\u00bboff\u00bb button_one_border_color__hover_enabled=\u00bboff\u00bb button_two_border_color__hover_enabled=\u00bboff\u00bb button_one_border_radius__hover_enabled=\u00bboff\u00bb button_two_border_radius__hover_enabled=\u00bboff\u00bb button_one_letter_spacing__hover_enabled=\u00bboff\u00bb button_two_letter_spacing__hover_enabled=\u00bboff\u00bb button_one_bg_color__hover_enabled=\u00bboff\u00bb button_two_bg_color__hover_enabled=\u00bboff\u00bb][\/et_pb_fullwidth_header][\/et_pb_section][et_pb_section fb_built=\u00bb1&#8243; custom_padding_last_edited=\u00bbon|desktop\u00bb admin_label=\u00bbsection\u00bb _builder_version=\u00bb4.16&#8243; background_color=\u00bb#ffffff\u00bb background_image=\u00bbhttps:\/\/www.clubbelair.com\/es\/wp-content\/uploads\/2014\/06\/textura-de-negro-8501.jpg\u00bb custom_padding_tablet=\u00bb50px|0|50px|0&#8243; custom_padding_phone=\u00bb\u00bb transparent_background=\u00bboff\u00bb padding_mobile=\u00bboff\u00bb global_colors_info=\u00bb{}\u00bb][et_pb_row padding_mobile=\u00bboff\u00bb column_padding_mobile=\u00bbon\u00bb admin_label=\u00bbrow\u00bb _builder_version=\u00bb4.16&#8243; background_size=\u00bbinitial\u00bb background_position=\u00bbtop_left\u00bb background_repeat=\u00bbrepeat\u00bb global_colors_info=\u00bb{}\u00bb][et_pb_column type=\u00bb4_4&#8243; _builder_version=\u00bb4.16&#8243; custom_padding=\u00bb|||\u00bb global_colors_info=\u00bb{}\u00bb custom_padding__hover=\u00bb|||\u00bb][et_pb_image src=\u00bbhttps:\/\/www.clubbelair.com\/es\/public_html\/es\/wp-content\/uploads\/2023\/01\/WhatsApp-Image-2023-01-07-at-12.11.49.jpeg\u00bb title_text=\u00bbWhatsApp Image 2023-01-07 at 12.11.49&#8243; align=\u00bbcenter\u00bb align_tablet=\u00bbcenter\u00bb align_phone=\u00bb\u00bb align_last_edited=\u00bbon|desktop\u00bb admin_label=\u00bbImage\u00bb _builder_version=\u00bb4.18.0&#8243; custom_margin=\u00bb49px|||||\u00bb animation_style=\u00bbslide\u00bb animation_direction=\u00bbleft\u00bb animation_duration=\u00bb500ms\u00bb animation_intensity_slide=\u00bb10%\u00bb use_border_color=\u00bboff\u00bb border_color=\u00bb#ffffff\u00bb border_width=\u00bb1px\u00bb border_style=\u00bbsolid\u00bb sticky=\u00bboff\u00bb global_colors_info=\u00bb{}\u00bb][\/et_pb_image][et_pb_text admin_label=\u00bbText\u00bb _builder_version=\u00bb4.27.0&#8243; text_font=\u00bbVerdana|700|||||||\u00bb text_text_color=\u00bb#ffffff\u00bb text_font_size=\u00bb16px\u00bb header_font=\u00bb||||||||\u00bb header_font_size=\u00bb1px\u00bb background_size=\u00bbinitial\u00bb background_position=\u00bbtop_left\u00bb background_repeat=\u00bbrepeat\u00bb text_orientation=\u00bbcenter\u00bb background_layout=\u00bbdark\u00bb use_border_color=\u00bboff\u00bb border_style=\u00bbsolid\u00bb global_colors_info=\u00bb{}\u00bb]<\/p>\n<p>Tel\u00e9fonos<\/p>\n<p>622 92 75 64 <\/p>\n<p>[\/et_pb_text][et_pb_blurb title=\u00bbDONDE NOS ENCONTRAMOS\u00bb url=\u00bbhttps:\/\/www.google.com\/maps\/search\/club+bel+air+estepona\/@36.461774,-5.0432478,17z\u00bb image=\u00bbhttps:\/\/www.clubbelair.com\/es\/public_html\/es\/wp-content\/uploads\/2022\/08\/descarga.png\u00bb image_icon_width=\u00bb68%\u00bb admin_label=\u00bbBlurb\u00bb _builder_version=\u00bb4.18.0&#8243; background_size=\u00bbinitial\u00bb background_position=\u00bbtop_left\u00bb background_repeat=\u00bbrepeat\u00bb text_orientation=\u00bbcenter\u00bb background_layout=\u00bbdark\u00bb use_border_color=\u00bboff\u00bb border_color=\u00bb#ffffff\u00bb border_width=\u00bb1px\u00bb border_style=\u00bbsolid\u00bb image_max_width=\u00bb68%\u00bb global_colors_info=\u00bb{}\u00bb][\/et_pb_blurb][et_pb_text admin_label=\u00bbText\u00bb _builder_version=\u00bb4.27.0&#8243; text_font=\u00bb||||||||\u00bb text_font_size=\u00bb2px\u00bb background_size=\u00bbinitial\u00bb background_position=\u00bbtop_left\u00bb background_repeat=\u00bbrepeat\u00bb background_layout=\u00bbdark\u00bb hover_enabled=\u00bb0&#8243; use_border_color=\u00bboff\u00bb border_style=\u00bbsolid\u00bb global_colors_info=\u00bb{}\u00bb sticky_enabled=\u00bb0&#8243;]<\/p>\n<h4 style=\"text-align: center;\"><\/h4>\n<p>&nbsp;<\/p>\n<h4 style=\"text-align: center;\">Urb. Bel-Air, Km. 166,5 (Marbella-Estepona)<\/h4>\n<h4 style=\"text-align: center;\"><\/h4>\n<p>[\/et_pb_text][\/et_pb_column][\/et_pb_row][\/et_pb_section][et_pb_section fb_built=\u00bb1&#8243; custom_padding_last_edited=\u00bbon|desktop\u00bb admin_label=\u00bbsection\u00bb _builder_version=\u00bb4.16&#8243; background_color=\u00bb#050505&#8243; custom_padding_tablet=\u00bb50px|0|50px|0&#8243; custom_padding_phone=\u00bb\u00bb transparent_background=\u00bboff\u00bb padding_mobile=\u00bboff\u00bb global_colors_info=\u00bb{}\u00bb][et_pb_row padding_mobile=\u00bboff\u00bb column_padding_mobile=\u00bbon\u00bb admin_label=\u00bbrow\u00bb _builder_version=\u00bb4.16&#8243; background_size=\u00bbinitial\u00bb background_position=\u00bbtop_left\u00bb background_repeat=\u00bbrepeat\u00bb global_colors_info=\u00bb{}\u00bb][et_pb_column type=\u00bb4_4&#8243; _builder_version=\u00bb4.16&#8243; custom_padding=\u00bb|||\u00bb global_colors_info=\u00bb{}\u00bb custom_padding__hover=\u00bb|||\u00bb][et_pb_text admin_label=\u00bbText\u00bb _builder_version=\u00bb4.16&#8243; background_size=\u00bbinitial\u00bb background_position=\u00bbtop_left\u00bb background_repeat=\u00bbrepeat\u00bb background_layout=\u00bbdark\u00bb custom_padding=\u00bb40px|||||\u00bb use_border_color=\u00bboff\u00bb border_style=\u00bbsolid\u00bb global_colors_info=\u00bb{}\u00bb]<\/p>\n<p style=\"font-family: Gotham, 'Helvetica Neue', Helvetica, Arial, sans-serif; font-size: 10px; text-align: center;\"><a href=\"https:\/\/www.clubbelair.com\">NIGHT CLUB MARBELLA<\/a> &#8211; <a href=\"https:\/\/www.clubbelair.com\">MASAJES ESTEPONA<\/a> &#8211; <a href=\"https:\/\/www.clubbelair.com\">CLUB DE ALTERNE EN ESTEPONA<\/a> &#8211; <a href=\"https:\/\/www.clubbelair.com\">JACUZZI ESTEPONA<\/a> &#8211; <a href=\"https:\/\/www.clubbelair.com\">CHICAS SEXYS EN MARBELLA<\/a> &#8211; <a href=\"https:\/\/www.clubbelair.com\">RELAX MARBELLA<\/a> &#8211; <a href=\"https:\/\/www.clubbelair.com\">ESTEPONA RELAX<\/a> &#8211; <a href=\"https:\/\/www.clubbelair.com\">CLUB ESTEPONA<\/a> &#8211; <a href=\"https:\/\/www.clubbelair.com\">STRIPTEES MARBELLA<\/a> &#8211; <a href=\"https:\/\/www.clubbelair.com\">COPAS MARBELLA<\/a> &#8211; <a href=\"https:\/\/www.clubbelair.com\">CLUB PUERTO BANUS<\/a> &#8211; <a href=\"https:\/\/www.clubbelair.com\">NIGHT CLUB SAN PEDRO DE ALCANTARA<\/a> &#8211;<a href=\"https:\/\/www.clubbelair.com\"> CLUB EN BENAHAVIS<\/a> &#8211; <a href=\"https:\/\/www.clubbelair.com\">SE\u00d1ORITAS COMPA\u00d1IA<\/a> &#8211; <a href=\"https:\/\/www.clubbelair.com\">SE\u00d1ORITAS ELEGANTES<\/a>\u00a0&#8211; <a href=\"https:\/\/www.clubbelair.com\">CLUB BELAIR<\/a> &#8211; <a href=\"https:\/\/www.clubbelair.com\">CLUB BEL AIR<\/a> &#8211; <a href=\"https:\/\/www.clubbelair.com\">CLUB BEL-AIR<\/a> &#8211; <a href=\"https:\/\/www.clubbelair.com\">CLUB DE CHICAS EN LA COSTA DEL SOL<\/a> <a href=\"https:\/\/www.clubbelair.com\">CLUB DE CHICAS MARBELLA<\/a> &#8211; <a href=\"https:\/\/www.clubbelair.com\">PUERTO BANUS CLUB<\/a><\/p>\n<p>[\/et_pb_text][\/et_pb_column][\/et_pb_row][et_pb_row padding_mobile=\u00bboff\u00bb column_padding_mobile=\u00bbon\u00bb admin_label=\u00bbrow\u00bb _builder_version=\u00bb4.16&#8243; background_size=\u00bbinitial\u00bb background_position=\u00bbtop_left\u00bb background_repeat=\u00bbrepeat\u00bb global_colors_info=\u00bb{}\u00bb][et_pb_column type=\u00bb4_4&#8243; _builder_version=\u00bb4.16&#8243; custom_padding=\u00bb|||\u00bb global_colors_info=\u00bb{}\u00bb custom_padding__hover=\u00bb|||\u00bb][et_pb_text admin_label=\u00bbText\u00bb _builder_version=\u00bb4.25.2&#8243; background_size=\u00bbinitial\u00bb background_position=\u00bbtop_left\u00bb background_repeat=\u00bbrepeat\u00bb use_border_color=\u00bboff\u00bb border_style=\u00bbsolid\u00bb global_colors_info=\u00bb{}\u00bb]<\/p>\n<p><iframe loading=\"lazy\" src=\"https:\/\/maps.google.es\/maps\/ms?msa=0&amp;msid=201132520077082169497.0004c4f46020a4f83f25f&amp;hl=es&amp;ie=UTF8&amp;t=m&amp;source=embed&amp;ll=36.46429,-5.042177&amp;spn=0.00302,0.012875&amp;z=17&amp;iwloc=0004c4f4a23261ab621aa&amp;output=embed\" width=\"1200\" height=\"350\" frameborder=\"0\" marginwidth=\"0\" marginheight=\"0\" scrolling=\"no\"><\/iframe> <small>Ver <a style=\"color: #0000ff; text-align: left;\" href=\"https:\/\/maps.google.es\/maps\/ms?msa=0&amp;msid=201132520077082169497.0004c4f46020a4f83f25f&amp;hl=es&amp;ie=UTF8&amp;t=m&amp;source=embed&amp;ll=36.46429,-5.042177&amp;spn=0.00302,0.012875&amp;z=17&amp;iwloc=0004c4f4a23261ab621aa\">CLUB BEL AIR<\/a> en un mapa m\u00e1s grande<\/small><\/p>\n<p>[\/et_pb_text][\/et_pb_column][\/et_pb_row][\/et_pb_section]<\/p>\n","protected":false},"excerpt":{"rendered":"<p>NIGHT CLUB\u00a0 MARBELLA &#8211; ESTEPONA Te ofrecemos una experiencia \u00fanica en una atmosfera encantadora. \u00bfAlguna vez has so\u00f1ado con disfrutar en un lugar verdaderamente especial? Entre Estepona y Marbella cerca de Puerto Ban\u00fas, Encontrar\u00e1s nuestro sitio de encuentro, donde poder disfrutar y relajarte recibiendo el mejor trato en esa elegancia mediterr\u00e1nea donde nos vemos situados, [&hellip;]<\/p>\n","protected":false},"author":1,"featured_media":0,"parent":0,"menu_order":0,"comment_status":"open","ping_status":"open","template":"","meta":{"_et_pb_use_builder":"on","_et_pb_old_content":"","_et_gb_content_width":"","_joinchat":[],"footnotes":""},"class_list":["post-39","page","type-page","status-publish","hentry"],"yoast_head":"<!-- This site is optimized with the Yoast SEO plugin v25.4 - https:\/\/yoast.com\/wordpress\/plugins\/seo\/ -->\n<title>CLUB BEL-AIR, NIGHT CLUB MARBELLA, ESTEPONA<\/title>\n<meta name=\"description\" content=\"Night Club Bel-Air es un punto de referencia si buscas la mejor compa\u00f1ia en la COSTA DEL SOL en la diversi\u00f3n masculina, Una sala de fiestas, donde la elegancia, el buen gusto, el servicio distinguido y una singular compa\u00f1\u00eda de chicas\u00a0 atraen cada noche en MARBELLA, SAN PEDRO ALCANTARA y Estepona\" \/>\n<meta name=\"robots\" content=\"index, follow, max-snippet:-1, max-image-preview:large, max-video-preview:-1\" \/>\n<link rel=\"canonical\" href=\"https:\/\/www.clubbelair.com\/es\/\" \/>\n<meta property=\"og:locale\" content=\"es_ES\" \/>\n<meta property=\"og:type\" content=\"article\" \/>\n<meta property=\"og:title\" content=\"CLUB BEL-AIR, NIGHT CLUB MARBELLA, ESTEPONA\" \/>\n<meta property=\"og:description\" content=\"Night Club Bel-Air es un punto de referencia si buscas la mejor compa\u00f1ia en la COSTA DEL SOL en la diversi\u00f3n masculina, Una sala de fiestas, donde la elegancia, el buen gusto, el servicio distinguido y una singular compa\u00f1\u00eda de chicas\u00a0 atraen cada noche en MARBELLA, SAN PEDRO ALCANTARA y Estepona\" \/>\n<meta property=\"og:url\" content=\"https:\/\/www.clubbelair.com\/es\/\" \/>\n<meta property=\"og:site_name\" content=\"CLUB BEL AIR\" \/>\n<meta property=\"article:modified_time\" content=\"2025-09-04T08:11:35+00:00\" \/>\n<meta name=\"twitter:card\" content=\"summary_large_image\" \/>\n<meta name=\"twitter:label1\" content=\"Tiempo de lectura\" \/>\n\t<meta name=\"twitter:data1\" content=\"3 minutos\" \/>\n<script type=\"application\/ld+json\" class=\"yoast-schema-graph\">{\"@context\":\"https:\/\/schema.org\",\"@graph\":[{\"@type\":\"WebPage\",\"@id\":\"https:\/\/www.clubbelair.com\/es\/\",\"url\":\"https:\/\/www.clubbelair.com\/es\/\",\"name\":\"CLUB BEL-AIR, NIGHT CLUB MARBELLA, ESTEPONA\",\"isPartOf\":{\"@id\":\"https:\/\/www.clubbelair.com\/es\/#website\"},\"datePublished\":\"2014-06-12T16:54:44+00:00\",\"dateModified\":\"2025-09-04T08:11:35+00:00\",\"description\":\"Night Club Bel-Air es un punto de referencia si buscas la mejor compa\u00f1ia en la COSTA DEL SOL en la diversi\u00f3n masculina, Una sala de fiestas, donde la elegancia, el buen gusto, el servicio distinguido y una singular compa\u00f1\u00eda de chicas\u00a0 atraen cada noche en MARBELLA, SAN PEDRO ALCANTARA y Estepona\",\"breadcrumb\":{\"@id\":\"https:\/\/www.clubbelair.com\/es\/#breadcrumb\"},\"inLanguage\":\"es\",\"potentialAction\":[{\"@type\":\"ReadAction\",\"target\":[\"https:\/\/www.clubbelair.com\/es\/\"]}]},{\"@type\":\"BreadcrumbList\",\"@id\":\"https:\/\/www.clubbelair.com\/es\/#breadcrumb\",\"itemListElement\":[{\"@type\":\"ListItem\",\"position\":1,\"name\":\"Portada\",\"item\":\"https:\/\/www.clubbelair.com\/es\/\"},{\"@type\":\"ListItem\",\"position\":2,\"name\":\"CLUB\"}]},{\"@type\":\"WebSite\",\"@id\":\"https:\/\/www.clubbelair.com\/es\/#website\",\"url\":\"https:\/\/www.clubbelair.com\/es\/\",\"name\":\"CLUB BEL AIR\",\"description\":\"Night Club en Marbella, San Pedro de Alcantara y Estepona\",\"potentialAction\":[{\"@type\":\"SearchAction\",\"target\":{\"@type\":\"EntryPoint\",\"urlTemplate\":\"https:\/\/www.clubbelair.com\/es\/?s={search_term_string}\"},\"query-input\":{\"@type\":\"PropertyValueSpecification\",\"valueRequired\":true,\"valueName\":\"search_term_string\"}}],\"inLanguage\":\"es\"}]}<\/script>\n<!-- \/ Yoast SEO plugin. -->","yoast_head_json":{"title":"CLUB BEL-AIR, NIGHT CLUB MARBELLA, ESTEPONA","description":"Night Club Bel-Air es un punto de referencia si buscas la mejor compa\u00f1ia en la COSTA DEL SOL en la diversi\u00f3n masculina, Una sala de fiestas, donde la elegancia, el buen gusto, el servicio distinguido y una singular compa\u00f1\u00eda de chicas\u00a0 atraen cada noche en MARBELLA, SAN PEDRO ALCANTARA y Estepona","robots":{"index":"index","follow":"follow","max-snippet":"max-snippet:-1","max-image-preview":"max-image-preview:large","max-video-preview":"max-video-preview:-1"},"canonical":"https:\/\/www.clubbelair.com\/es\/","og_locale":"es_ES","og_type":"article","og_title":"CLUB BEL-AIR, NIGHT CLUB MARBELLA, ESTEPONA","og_description":"Night Club Bel-Air es un punto de referencia si buscas la mejor compa\u00f1ia en la COSTA DEL SOL en la diversi\u00f3n masculina, Una sala de fiestas, donde la elegancia, el buen gusto, el servicio distinguido y una singular compa\u00f1\u00eda de chicas\u00a0 atraen cada noche en MARBELLA, SAN PEDRO ALCANTARA y Estepona","og_url":"https:\/\/www.clubbelair.com\/es\/","og_site_name":"CLUB BEL AIR","article_modified_time":"2025-09-04T08:11:35+00:00","twitter_card":"summary_large_image","twitter_misc":{"Tiempo de lectura":"3 minutos"},"schema":{"@context":"https:\/\/schema.org","@graph":[{"@type":"WebPage","@id":"https:\/\/www.clubbelair.com\/es\/","url":"https:\/\/www.clubbelair.com\/es\/","name":"CLUB BEL-AIR, NIGHT CLUB MARBELLA, ESTEPONA","isPartOf":{"@id":"https:\/\/www.clubbelair.com\/es\/#website"},"datePublished":"2014-06-12T16:54:44+00:00","dateModified":"2025-09-04T08:11:35+00:00","description":"Night Club Bel-Air es un punto de referencia si buscas la mejor compa\u00f1ia en la COSTA DEL SOL en la diversi\u00f3n masculina, Una sala de fiestas, donde la elegancia, el buen gusto, el servicio distinguido y una singular compa\u00f1\u00eda de chicas\u00a0 atraen cada noche en MARBELLA, SAN PEDRO ALCANTARA y Estepona","breadcrumb":{"@id":"https:\/\/www.clubbelair.com\/es\/#breadcrumb"},"inLanguage":"es","potentialAction":[{"@type":"ReadAction","target":["https:\/\/www.clubbelair.com\/es\/"]}]},{"@type":"BreadcrumbList","@id":"https:\/\/www.clubbelair.com\/es\/#breadcrumb","itemListElement":[{"@type":"ListItem","position":1,"name":"Portada","item":"https:\/\/www.clubbelair.com\/es\/"},{"@type":"ListItem","position":2,"name":"CLUB"}]},{"@type":"WebSite","@id":"https:\/\/www.clubbelair.com\/es\/#website","url":"https:\/\/www.clubbelair.com\/es\/","name":"CLUB BEL AIR","description":"Night Club en Marbella, San Pedro de Alcantara y Estepona","potentialAction":[{"@type":"SearchAction","target":{"@type":"EntryPoint","urlTemplate":"https:\/\/www.clubbelair.com\/es\/?s={search_term_string}"},"query-input":{"@type":"PropertyValueSpecification","valueRequired":true,"valueName":"search_term_string"}}],"inLanguage":"es"}]}},"_links":{"self":[{"href":"https:\/\/www.clubbelair.com\/es\/wp-json\/wp\/v2\/pages\/39","targetHints":{"allow":["GET"]}}],"collection":[{"href":"https:\/\/www.clubbelair.com\/es\/wp-json\/wp\/v2\/pages"}],"about":[{"href":"https:\/\/www.clubbelair.com\/es\/wp-json\/wp\/v2\/types\/page"}],"author":[{"embeddable":true,"href":"https:\/\/www.clubbelair.com\/es\/wp-json\/wp\/v2\/users\/1"}],"replies":[{"embeddable":true,"href":"https:\/\/www.clubbelair.com\/es\/wp-json\/wp\/v2\/comments?post=39"}],"version-history":[{"count":204,"href":"https:\/\/www.clubbelair.com\/es\/wp-json\/wp\/v2\/pages\/39\/revisions"}],"predecessor-version":[{"id":660,"href":"https:\/\/www.clubbelair.com\/es\/wp-json\/wp\/v2\/pages\/39\/revisions\/660"}],"wp:attachment":[{"href":"https:\/\/www.clubbelair.com\/es\/wp-json\/wp\/v2\/media?parent=39"}],"curies":[{"name":"wp","href":"https:\/\/api.w.org\/{rel}","templated":true}]}}