{"id":143,"date":"2014-06-15T09:05:36","date_gmt":"2014-06-15T09:05:36","guid":{"rendered":"http:\/\/www.clubbelair.com\/es\/?page_id=143"},"modified":"2014-06-16T05:28:00","modified_gmt":"2014-06-16T05:28:00","slug":"campos-de-golf","status":"publish","type":"page","link":"https:\/\/www.clubbelair.com\/es\/campos-de-golf\/","title":{"rendered":"CAMPOS DE GOLF"},"content":{"rendered":"<p>[et_pb_section fullwidth=\u00bboff\u00bb specialty=\u00bboff\u00bb background_image=\u00bbhttp:\/\/www.clubbelair.com\/es\/wp-content\/uploads\/2014\/06\/textura-de-negro-8501.jpg\u00bb background_color=\u00bb#ffffff\u00bb inner_shadow=\u00bboff\u00bb parallax=\u00bboff\u00bb parallax_method=\u00bbcss\u00bb][et_pb_row][et_pb_column type=\u00bb4_4&#8243;][et_pb_text admin_label=\u00bbText\u00bb background_layout=\u00bblight\u00bb text_orientation=\u00bbcenter\u00bb]<\/p>\n<h1><span style=\"color: #ffffff;\">Estos son los Campos de Golf mas cercanos a nuestro club:<\/span><\/h1>\n<p style=\"font-weight: bold; color: #d3ca77; text-align: left;\" align=\"right\"><span style=\"color: #ffffff;\">Atalaya golf &amp; Country Club\u00a0<\/span><br \/><span style=\"color: #ffffff;\">Direcci\u00f3n: Ctra, de Benahav\u00eds, km 0,7 &#8211; 29688 Estepona<\/span><br \/><span style=\"color: #ffffff;\">Estepona (M\u00e1laga)<\/span><\/p>\n<p style=\"font-weight: bold; color: #d3ca77; text-align: left;\" align=\"right\"><span style=\"color: #ffffff;\">Club de Golf el Coto\u00a0<\/span><br \/><span style=\"color: #ffffff;\">Direcci\u00f3n: Crta. de C\u00e1diz, km 163,56\u00a0<\/span><br \/><span style=\"color: #ffffff;\">Estepona (M\u00e1laga)<\/span><\/p>\n<p style=\"font-weight: bold; color: #d3ca77; text-align: left;\" align=\"right\"><span style=\"color: #ffffff;\">El Para\u00edso Golf Club\u00a0<\/span><br \/><span style=\"color: #ffffff;\">Direcci\u00f3n: Carretera de C\u00e1diz-M\u00e1laga, Km. 167<\/span><br \/><span style=\"color: #ffffff;\">(Urb. El Para\u00edso) &#8211; 29680 Estepona (M\u00e1laga)<\/span><\/p>\n<p style=\"font-weight: bold; color: #d3ca77; text-align: left;\" align=\"right\"><span style=\"color: #ffffff;\">Estepona Golf Club\u00a0<\/span><br \/><span style=\"color: #ffffff;\">Direcci\u00f3n: Arroyo Vaquero, Ctra. de C\u00e1diz, km. 150,\u00a0<\/span><br \/><span style=\"color: #ffffff;\">29680 Estepona (M\u00e1laga)<\/span><\/p>\n<p style=\"font-weight: bold; color: #d3ca77; text-align: left;\" align=\"right\"><span style=\"color: #ffffff;\">La Resina Golf &amp; Country Club<\/span><br \/><span style=\"color: #ffffff;\">Direcci\u00f3n: Urb. La Resina, Arroyo de las Ca\u00f1as S\/N,<\/span><br \/><span style=\"color: #ffffff;\">Ctra. N-340, km. 162,5 &#8211; 29680 Estepona (M\u00e1laga)<\/span><\/p>\n<p style=\"font-weight: bold; color: #d3ca77; text-align: left;\" align=\"right\"><span style=\"color: #ffffff;\">Valle Romano Golf &amp; Resort<\/span><br \/><span style=\"color: #ffffff;\">Direcci\u00f3n: Urbanizaci\u00f3n Valle Romano<\/span><br \/><span style=\"color: #ffffff;\">Estepona 29680 M\u00e1laga<\/span><\/p>\n<p>\u00a0<\/p>\n<p>[\/et_pb_text][\/et_pb_column][\/et_pb_row][\/et_pb_section]<\/p>\n","protected":false},"excerpt":{"rendered":"<p><div class=\"et_pb_row et_pb_row_0 et_pb_row_empty\">\n\t\t\t\t\n\t\t\t\t\n\t\t\t\t\n\t\t\t\t\n\t\t\t\t\n\t\t\t<\/div>Estos son los Campos de Golf mas cercanos a nuestro club:Atalaya golf &amp; Country Club\u00a0Direcci\u00f3n: Ctra, de Benahav\u00eds, km 0,7 &#8211; 29688 EsteponaEstepona (M\u00e1laga)Club de Golf el Coto\u00a0Direcci\u00f3n: Crta. de C\u00e1diz, km 163,56\u00a0Estepona (M\u00e1laga)El Para\u00edso Golf Club\u00a0Direcci\u00f3n: Carretera de C\u00e1diz-M\u00e1laga, Km. 167(Urb. El Para\u00edso) &#8211; 29680 Estepona (M\u00e1laga)Estepona Golf Club\u00a0Direcci\u00f3n: Arroyo Vaquero, Ctra. de C\u00e1diz, [&hellip;]<\/p>\n","protected":false},"author":1,"featured_media":0,"parent":0,"menu_order":0,"comment_status":"open","ping_status":"open","template":"","meta":{"_et_pb_use_builder":"on","_et_pb_old_content":"","_et_gb_content_width":"","_joinchat":[],"footnotes":""},"class_list":["post-143","page","type-page","status-publish","hentry"],"yoast_head":"<!-- This site is optimized with the Yoast SEO plugin v25.4 - https:\/\/yoast.com\/wordpress\/plugins\/seo\/ -->\n<title>CAMPOS DE GOLF - CLUB BEL AIR<\/title>\n<meta name=\"robots\" content=\"index, follow, max-snippet:-1, max-image-preview:large, max-video-preview:-1\" \/>\n<link rel=\"canonical\" href=\"https:\/\/www.clubbelair.com\/es\/campos-de-golf\/\" \/>\n<meta property=\"og:locale\" content=\"es_ES\" \/>\n<meta property=\"og:type\" content=\"article\" \/>\n<meta property=\"og:title\" content=\"CAMPOS DE GOLF - CLUB BEL AIR\" \/>\n<meta property=\"og:description\" content=\"Estos son los Campos de Golf mas cercanos a nuestro club:Atalaya golf &amp; Country Club\u00a0Direcci\u00f3n: Ctra, de Benahav\u00eds, km 0,7 - 29688 EsteponaEstepona (M\u00e1laga)Club de Golf el Coto\u00a0Direcci\u00f3n: Crta. de C\u00e1diz, km 163,56\u00a0Estepona (M\u00e1laga)El Para\u00edso Golf Club\u00a0Direcci\u00f3n: Carretera de C\u00e1diz-M\u00e1laga, Km. 167(Urb. El Para\u00edso) - 29680 Estepona (M\u00e1laga)Estepona Golf Club\u00a0Direcci\u00f3n: Arroyo Vaquero, Ctra. de C\u00e1diz, [&hellip;]\" \/>\n<meta property=\"og:url\" content=\"https:\/\/www.clubbelair.com\/es\/campos-de-golf\/\" \/>\n<meta property=\"og:site_name\" content=\"CLUB BEL AIR\" \/>\n<meta property=\"article:modified_time\" content=\"2014-06-16T05:28:00+00:00\" \/>\n<meta name=\"twitter:card\" content=\"summary_large_image\" \/>\n<meta name=\"twitter:label1\" content=\"Tiempo de lectura\" \/>\n\t<meta name=\"twitter:data1\" content=\"1 minuto\" \/>\n<script type=\"application\/ld+json\" class=\"yoast-schema-graph\">{\"@context\":\"https:\/\/schema.org\",\"@graph\":[{\"@type\":\"WebPage\",\"@id\":\"https:\/\/www.clubbelair.com\/es\/campos-de-golf\/\",\"url\":\"https:\/\/www.clubbelair.com\/es\/campos-de-golf\/\",\"name\":\"CAMPOS DE GOLF - CLUB BEL AIR\",\"isPartOf\":{\"@id\":\"https:\/\/www.clubbelair.com\/es\/#website\"},\"datePublished\":\"2014-06-15T09:05:36+00:00\",\"dateModified\":\"2014-06-16T05:28:00+00:00\",\"breadcrumb\":{\"@id\":\"https:\/\/www.clubbelair.com\/es\/campos-de-golf\/#breadcrumb\"},\"inLanguage\":\"es\",\"potentialAction\":[{\"@type\":\"ReadAction\",\"target\":[\"https:\/\/www.clubbelair.com\/es\/campos-de-golf\/\"]}]},{\"@type\":\"BreadcrumbList\",\"@id\":\"https:\/\/www.clubbelair.com\/es\/campos-de-golf\/#breadcrumb\",\"itemListElement\":[{\"@type\":\"ListItem\",\"position\":1,\"name\":\"Portada\",\"item\":\"https:\/\/www.clubbelair.com\/es\/\"},{\"@type\":\"ListItem\",\"position\":2,\"name\":\"CAMPOS DE GOLF\"}]},{\"@type\":\"WebSite\",\"@id\":\"https:\/\/www.clubbelair.com\/es\/#website\",\"url\":\"https:\/\/www.clubbelair.com\/es\/\",\"name\":\"CLUB BEL AIR\",\"description\":\"Night Club en Marbella, San Pedro de Alcantara y Estepona\",\"potentialAction\":[{\"@type\":\"SearchAction\",\"target\":{\"@type\":\"EntryPoint\",\"urlTemplate\":\"https:\/\/www.clubbelair.com\/es\/?s={search_term_string}\"},\"query-input\":{\"@type\":\"PropertyValueSpecification\",\"valueRequired\":true,\"valueName\":\"search_term_string\"}}],\"inLanguage\":\"es\"}]}<\/script>\n<!-- \/ Yoast SEO plugin. -->","yoast_head_json":{"title":"CAMPOS DE GOLF - CLUB BEL AIR","robots":{"index":"index","follow":"follow","max-snippet":"max-snippet:-1","max-image-preview":"max-image-preview:large","max-video-preview":"max-video-preview:-1"},"canonical":"https:\/\/www.clubbelair.com\/es\/campos-de-golf\/","og_locale":"es_ES","og_type":"article","og_title":"CAMPOS DE GOLF - CLUB BEL AIR","og_description":"Estos son los Campos de Golf mas cercanos a nuestro club:Atalaya golf &amp; Country Club\u00a0Direcci\u00f3n: Ctra, de Benahav\u00eds, km 0,7 - 29688 EsteponaEstepona (M\u00e1laga)Club de Golf el Coto\u00a0Direcci\u00f3n: Crta. de C\u00e1diz, km 163,56\u00a0Estepona (M\u00e1laga)El Para\u00edso Golf Club\u00a0Direcci\u00f3n: Carretera de C\u00e1diz-M\u00e1laga, Km. 167(Urb. El Para\u00edso) - 29680 Estepona (M\u00e1laga)Estepona Golf Club\u00a0Direcci\u00f3n: Arroyo Vaquero, Ctra. de C\u00e1diz, [&hellip;]","og_url":"https:\/\/www.clubbelair.com\/es\/campos-de-golf\/","og_site_name":"CLUB BEL AIR","article_modified_time":"2014-06-16T05:28:00+00:00","twitter_card":"summary_large_image","twitter_misc":{"Tiempo de lectura":"1 minuto"},"schema":{"@context":"https:\/\/schema.org","@graph":[{"@type":"WebPage","@id":"https:\/\/www.clubbelair.com\/es\/campos-de-golf\/","url":"https:\/\/www.clubbelair.com\/es\/campos-de-golf\/","name":"CAMPOS DE GOLF - CLUB BEL AIR","isPartOf":{"@id":"https:\/\/www.clubbelair.com\/es\/#website"},"datePublished":"2014-06-15T09:05:36+00:00","dateModified":"2014-06-16T05:28:00+00:00","breadcrumb":{"@id":"https:\/\/www.clubbelair.com\/es\/campos-de-golf\/#breadcrumb"},"inLanguage":"es","potentialAction":[{"@type":"ReadAction","target":["https:\/\/www.clubbelair.com\/es\/campos-de-golf\/"]}]},{"@type":"BreadcrumbList","@id":"https:\/\/www.clubbelair.com\/es\/campos-de-golf\/#breadcrumb","itemListElement":[{"@type":"ListItem","position":1,"name":"Portada","item":"https:\/\/www.clubbelair.com\/es\/"},{"@type":"ListItem","position":2,"name":"CAMPOS DE GOLF"}]},{"@type":"WebSite","@id":"https:\/\/www.clubbelair.com\/es\/#website","url":"https:\/\/www.clubbelair.com\/es\/","name":"CLUB BEL AIR","description":"Night Club en Marbella, San Pedro de Alcantara y Estepona","potentialAction":[{"@type":"SearchAction","target":{"@type":"EntryPoint","urlTemplate":"https:\/\/www.clubbelair.com\/es\/?s={search_term_string}"},"query-input":{"@type":"PropertyValueSpecification","valueRequired":true,"valueName":"search_term_string"}}],"inLanguage":"es"}]}},"_links":{"self":[{"href":"https:\/\/www.clubbelair.com\/es\/wp-json\/wp\/v2\/pages\/143","targetHints":{"allow":["GET"]}}],"collection":[{"href":"https:\/\/www.clubbelair.com\/es\/wp-json\/wp\/v2\/pages"}],"about":[{"href":"https:\/\/www.clubbelair.com\/es\/wp-json\/wp\/v2\/types\/page"}],"author":[{"embeddable":true,"href":"https:\/\/www.clubbelair.com\/es\/wp-json\/wp\/v2\/users\/1"}],"replies":[{"embeddable":true,"href":"https:\/\/www.clubbelair.com\/es\/wp-json\/wp\/v2\/comments?post=143"}],"version-history":[{"count":11,"href":"https:\/\/www.clubbelair.com\/es\/wp-json\/wp\/v2\/pages\/143\/revisions"}],"predecessor-version":[{"id":186,"href":"https:\/\/www.clubbelair.com\/es\/wp-json\/wp\/v2\/pages\/143\/revisions\/186"}],"wp:attachment":[{"href":"https:\/\/www.clubbelair.com\/es\/wp-json\/wp\/v2\/media?parent=143"}],"curies":[{"name":"wp","href":"https:\/\/api.w.org\/{rel}","templated":true}]}}